{"id":53734,"date":"2025-01-21T17:24:56","date_gmt":"2025-01-21T14:24:56","guid":{"rendered":"https:\/\/saudi-dates.com\/product\/barneys-premium-parcalanmis-barney-1kg\/"},"modified":"2025-01-21T17:24:56","modified_gmt":"2025-01-21T14:24:56","slug":"barneys-premium-parcalanmis-barney-1kg","status":"publish","type":"product","link":"https:\/\/saudi-dates.com\/tr\/urun\/barneys-premium-parcalanmis-barney-1kg\/","title":{"rendered":"Barney&#8217;s Premium Par\u00e7alanm\u0131\u015f Barney &#8211; 1kg"},"content":{"rendered":"<p>Berni Mabroum Hurmas\u0131 &#8211; Suudi Hediyesi<\/p>\n<p>&nbsp;<\/p>\n","protected":false},"excerpt":{"rendered":"<p>Premium Birni Al Mabroum &#8211; 1kg &#8211; AlUla&#8217;dan<\/p>\n","protected":false},"featured_media":46768,"template":"","meta":[],"product_brand":[],"product_cat":[1861],"product_tag":[2260,2130],"class_list":{"0":"post-53734","1":"product","2":"type-product","3":"status-publish","4":"has-post-thumbnail","6":"product_cat-medine-tarihleri","7":"product_tag-_-tr","8":"product_tag--tr","10":"first","11":"instock","12":"shipping-taxable","13":"purchasable","14":"product-type-simple"},"aioseo_notices":[],"_links":{"self":[{"href":"https:\/\/saudi-dates.com\/tr\/wp-json\/wp\/v2\/product\/53734","targetHints":{"allow":["GET"]}}],"collection":[{"href":"https:\/\/saudi-dates.com\/tr\/wp-json\/wp\/v2\/product"}],"about":[{"href":"https:\/\/saudi-dates.com\/tr\/wp-json\/wp\/v2\/types\/product"}],"version-history":[{"count":0,"href":"https:\/\/saudi-dates.com\/tr\/wp-json\/wp\/v2\/product\/53734\/revisions"}],"wp:featuredmedia":[{"embeddable":true,"href":"https:\/\/saudi-dates.com\/tr\/wp-json\/wp\/v2\/media\/46768"}],"wp:attachment":[{"href":"https:\/\/saudi-dates.com\/tr\/wp-json\/wp\/v2\/media?parent=53734"}],"wp:term":[{"taxonomy":"product_brand","embeddable":true,"href":"https:\/\/saudi-dates.com\/tr\/wp-json\/wp\/v2\/product_brand?post=53734"},{"taxonomy":"product_cat","embeddable":true,"href":"https:\/\/saudi-dates.com\/tr\/wp-json\/wp\/v2\/product_cat?post=53734"},{"taxonomy":"product_tag","embeddable":true,"href":"https:\/\/saudi-dates.com\/tr\/wp-json\/wp\/v2\/product_tag?post=53734"}],"curies":[{"name":"wp","href":"https:\/\/api.w.org\/{rel}","templated":true}]}}