{"id":53723,"date":"2025-01-21T17:16:18","date_gmt":"2025-01-21T14:16:18","guid":{"rendered":"https:\/\/saudi-dates.com\/product\/suslu-baharatli-seker-1kg-2\/"},"modified":"2025-01-21T17:16:18","modified_gmt":"2025-01-21T14:16:18","slug":"suslu-baharatli-seker-1kg-2","status":"publish","type":"product","link":"https:\/\/saudi-dates.com\/tr\/urun\/suslu-baharatli-seker-1kg-2\/","title":{"rendered":"S\u00fcsl\u00fc Baharatl\u0131 \u015eeker &#8211; 1kg"},"content":{"rendered":"<p>S\u00fcsl\u00fc Baharatl\u0131 \u015eeker &#8211; 1kg<\/p>\n<p>&nbsp;<\/p>\n","protected":false},"excerpt":{"rendered":"<p>S\u00fcsl\u00fc Baharatl\u0131 \u015eeker &#8211; 1kg<\/p>\n","protected":false},"featured_media":46750,"template":"","meta":[],"product_brand":[],"product_cat":[1861],"product_tag":[2154,2255],"class_list":{"0":"post-53723","1":"product","2":"type-product","3":"status-publish","4":"has-post-thumbnail","6":"product_cat-medine-tarihleri","7":"product_tag--tr","8":"product_tag-_-tr","10":"first","11":"instock","12":"shipping-taxable","13":"purchasable","14":"product-type-simple"},"aioseo_notices":[],"_links":{"self":[{"href":"https:\/\/saudi-dates.com\/tr\/wp-json\/wp\/v2\/product\/53723","targetHints":{"allow":["GET"]}}],"collection":[{"href":"https:\/\/saudi-dates.com\/tr\/wp-json\/wp\/v2\/product"}],"about":[{"href":"https:\/\/saudi-dates.com\/tr\/wp-json\/wp\/v2\/types\/product"}],"version-history":[{"count":0,"href":"https:\/\/saudi-dates.com\/tr\/wp-json\/wp\/v2\/product\/53723\/revisions"}],"wp:featuredmedia":[{"embeddable":true,"href":"https:\/\/saudi-dates.com\/tr\/wp-json\/wp\/v2\/media\/46750"}],"wp:attachment":[{"href":"https:\/\/saudi-dates.com\/tr\/wp-json\/wp\/v2\/media?parent=53723"}],"wp:term":[{"taxonomy":"product_brand","embeddable":true,"href":"https:\/\/saudi-dates.com\/tr\/wp-json\/wp\/v2\/product_brand?post=53723"},{"taxonomy":"product_cat","embeddable":true,"href":"https:\/\/saudi-dates.com\/tr\/wp-json\/wp\/v2\/product_cat?post=53723"},{"taxonomy":"product_tag","embeddable":true,"href":"https:\/\/saudi-dates.com\/tr\/wp-json\/wp\/v2\/product_tag?post=53723"}],"curies":[{"name":"wp","href":"https:\/\/api.w.org\/{rel}","templated":true}]}}