{"id":53713,"date":"2025-01-21T17:10:47","date_gmt":"2025-01-21T14:10:47","guid":{"rendered":"https:\/\/saudi-dates.com\/product\/royal-alia-agwa-1kg\/"},"modified":"2025-01-21T17:10:47","modified_gmt":"2025-01-21T14:10:47","slug":"royal-alia-agwa-1kg","status":"publish","type":"product","link":"https:\/\/saudi-dates.com\/tr\/urun\/royal-alia-agwa-1kg\/","title":{"rendered":"Royal Alia Agwa &#8211; 1kg"},"content":{"rendered":"<p>&nbsp;<\/p>\n<p>Al-Aaliyah Royal Ajwa 1kg Yukar\u0131 Medine&#8217;deki \u00e7iftli\u011fimizden Al-Aaliyah Ajwa M\u00fcslim (2048), Ai\u015fe&#8217;den, Allah Resul\u00fc&#8217;n\u00fcn \u015f\u00f6yle buyurdu\u011funu rivayet etti: (&#8220;Sabah ilk i\u015f olarak Al-Aaliyah Ajwa&#8217;da \u015fifa vard\u0131r &#8211; veya panzehirdir -.<\/p>\n","protected":false},"excerpt":{"rendered":"<p>Temizlenmi\u015f, sterilize edilmi\u015f ve \u0131s\u0131yla \u015fekillendirilmi\u015ftir.<\/p>\n<p>L\u00fcks Boncuk Boyutu<\/p>\n","protected":false},"featured_media":46732,"template":"","meta":[],"product_brand":[],"product_cat":[1861],"product_tag":[2154,2188],"class_list":{"0":"post-53713","1":"product","2":"type-product","3":"status-publish","4":"has-post-thumbnail","6":"product_cat-medine-tarihleri","7":"product_tag--tr","8":"product_tag-_-tr","10":"first","11":"instock","12":"shipping-taxable","13":"purchasable","14":"product-type-simple"},"aioseo_notices":[],"_links":{"self":[{"href":"https:\/\/saudi-dates.com\/tr\/wp-json\/wp\/v2\/product\/53713","targetHints":{"allow":["GET"]}}],"collection":[{"href":"https:\/\/saudi-dates.com\/tr\/wp-json\/wp\/v2\/product"}],"about":[{"href":"https:\/\/saudi-dates.com\/tr\/wp-json\/wp\/v2\/types\/product"}],"version-history":[{"count":0,"href":"https:\/\/saudi-dates.com\/tr\/wp-json\/wp\/v2\/product\/53713\/revisions"}],"wp:featuredmedia":[{"embeddable":true,"href":"https:\/\/saudi-dates.com\/tr\/wp-json\/wp\/v2\/media\/46732"}],"wp:attachment":[{"href":"https:\/\/saudi-dates.com\/tr\/wp-json\/wp\/v2\/media?parent=53713"}],"wp:term":[{"taxonomy":"product_brand","embeddable":true,"href":"https:\/\/saudi-dates.com\/tr\/wp-json\/wp\/v2\/product_brand?post=53713"},{"taxonomy":"product_cat","embeddable":true,"href":"https:\/\/saudi-dates.com\/tr\/wp-json\/wp\/v2\/product_cat?post=53713"},{"taxonomy":"product_tag","embeddable":true,"href":"https:\/\/saudi-dates.com\/tr\/wp-json\/wp\/v2\/product_tag?post=53713"}],"curies":[{"name":"wp","href":"https:\/\/api.w.org\/{rel}","templated":true}]}}