{"id":53708,"date":"2025-01-21T17:06:41","date_gmt":"2025-01-21T14:06:41","guid":{"rendered":"https:\/\/saudi-dates.com\/product\/medine-fistikli-ojwa-500g-1445-uretim\/"},"modified":"2025-01-21T17:06:41","modified_gmt":"2025-01-21T14:06:41","slug":"medine-fistikli-ojwa-500g-1445-uretim","status":"publish","type":"product","link":"https:\/\/saudi-dates.com\/tr\/urun\/medine-fistikli-ojwa-500g-1445-uretim\/","title":{"rendered":"Medine F\u0131st\u0131kl\u0131 Ojwa 500g (1445 \u00dcretim)"},"content":{"rendered":"<p>Medina Antep F\u0131st\u0131kl\u0131 Ojwa 500g<\/p>\n<p>&nbsp;<\/p>\n<p>Saad bin Ebi Vakkas (Allah ondan raz\u0131 olsun) Peygamber (sallallahu aleyhi vesellem)&#8217;den \u015f\u00f6yle buyurdu\u011funu rivayet etmi\u015ftir:<\/p>\n<p>(Sabahlar\u0131 yedi sulu hurma yiyen ki\u015fi o g\u00fcn zehirden ya da b\u00fcy\u00fcden zarar g\u00f6rmez).  <\/p>\n","protected":false},"excerpt":{"rendered":"<p>Temizlenmi\u015f, sterilize edilmi\u015f ve \u0131s\u0131yla \u015fekillendirilmi\u015ftir.<\/p>\n<p>Boncuk boyutu Orta<\/p>\n","protected":false},"featured_media":46726,"template":"","meta":[],"product_brand":[],"product_cat":[1861],"product_tag":[2154,2188,2180],"class_list":{"0":"post-53708","1":"product","2":"type-product","3":"status-publish","4":"has-post-thumbnail","6":"product_cat-medine-tarihleri","7":"product_tag--tr","8":"product_tag-_-tr","11":"first","12":"instock","13":"sale","14":"shipping-taxable","15":"purchasable","16":"product-type-simple"},"aioseo_notices":[],"_links":{"self":[{"href":"https:\/\/saudi-dates.com\/tr\/wp-json\/wp\/v2\/product\/53708","targetHints":{"allow":["GET"]}}],"collection":[{"href":"https:\/\/saudi-dates.com\/tr\/wp-json\/wp\/v2\/product"}],"about":[{"href":"https:\/\/saudi-dates.com\/tr\/wp-json\/wp\/v2\/types\/product"}],"version-history":[{"count":0,"href":"https:\/\/saudi-dates.com\/tr\/wp-json\/wp\/v2\/product\/53708\/revisions"}],"wp:featuredmedia":[{"embeddable":true,"href":"https:\/\/saudi-dates.com\/tr\/wp-json\/wp\/v2\/media\/46726"}],"wp:attachment":[{"href":"https:\/\/saudi-dates.com\/tr\/wp-json\/wp\/v2\/media?parent=53708"}],"wp:term":[{"taxonomy":"product_brand","embeddable":true,"href":"https:\/\/saudi-dates.com\/tr\/wp-json\/wp\/v2\/product_brand?post=53708"},{"taxonomy":"product_cat","embeddable":true,"href":"https:\/\/saudi-dates.com\/tr\/wp-json\/wp\/v2\/product_cat?post=53708"},{"taxonomy":"product_tag","embeddable":true,"href":"https:\/\/saudi-dates.com\/tr\/wp-json\/wp\/v2\/product_tag?post=53708"}],"curies":[{"name":"wp","href":"https:\/\/api.w.org\/{rel}","templated":true}]}}