{"id":53703,"date":"2025-01-21T16:57:59","date_gmt":"2025-01-21T13:57:59","guid":{"rendered":"https:\/\/saudi-dates.com\/product\/bademli-ve-kakuleli-medine-ojuvasi-500g\/"},"modified":"2025-01-21T16:57:59","modified_gmt":"2025-01-21T13:57:59","slug":"bademli-ve-kakuleli-medine-ojuvasi-500g","status":"publish","type":"product","link":"https:\/\/saudi-dates.com\/tr\/urun\/bademli-ve-kakuleli-medine-ojuvasi-500g\/","title":{"rendered":"Bademli ve Kakuleli Medine Ojuvas\u0131 500g"},"content":{"rendered":"<p>Bademli ve Kakuleli Medine Ojuvas\u0131 500g<\/p>\n<p>Saad bin Ebi Vakkas (Allah ondan raz\u0131 olsun) Peygamber (sallallahu aleyhi vesellem)&#8217;den \u015f\u00f6yle buyurdu\u011funu rivayet etmi\u015ftir:<\/p>\n<p>(Sabahlar\u0131 yedi sulu hurma yiyen ki\u015fi o g\u00fcn zehirden ya da b\u00fcy\u00fcden zarar g\u00f6rmez).  <\/p>\n","protected":false},"excerpt":{"rendered":"<p>Temizlenmi\u015f, sterilize edilmi\u015f ve \u0131s\u0131yla \u015fekillendirilmi\u015ftir.<\/p>\n<p>Boncuk boyutu Orta<\/p>\n","protected":false},"featured_media":46714,"template":"","meta":[],"product_brand":[],"product_cat":[1861],"product_tag":[2154,2188,2132],"class_list":{"0":"post-53703","1":"product","2":"type-product","3":"status-publish","4":"has-post-thumbnail","6":"product_cat-medine-tarihleri","7":"product_tag--tr","8":"product_tag-_-tr","11":"first","12":"instock","13":"shipping-taxable","14":"purchasable","15":"product-type-simple"},"aioseo_notices":[],"_links":{"self":[{"href":"https:\/\/saudi-dates.com\/tr\/wp-json\/wp\/v2\/product\/53703","targetHints":{"allow":["GET"]}}],"collection":[{"href":"https:\/\/saudi-dates.com\/tr\/wp-json\/wp\/v2\/product"}],"about":[{"href":"https:\/\/saudi-dates.com\/tr\/wp-json\/wp\/v2\/types\/product"}],"version-history":[{"count":0,"href":"https:\/\/saudi-dates.com\/tr\/wp-json\/wp\/v2\/product\/53703\/revisions"}],"wp:featuredmedia":[{"embeddable":true,"href":"https:\/\/saudi-dates.com\/tr\/wp-json\/wp\/v2\/media\/46714"}],"wp:attachment":[{"href":"https:\/\/saudi-dates.com\/tr\/wp-json\/wp\/v2\/media?parent=53703"}],"wp:term":[{"taxonomy":"product_brand","embeddable":true,"href":"https:\/\/saudi-dates.com\/tr\/wp-json\/wp\/v2\/product_brand?post=53703"},{"taxonomy":"product_cat","embeddable":true,"href":"https:\/\/saudi-dates.com\/tr\/wp-json\/wp\/v2\/product_cat?post=53703"},{"taxonomy":"product_tag","embeddable":true,"href":"https:\/\/saudi-dates.com\/tr\/wp-json\/wp\/v2\/product_tag?post=53703"}],"curies":[{"name":"wp","href":"https:\/\/api.w.org\/{rel}","templated":true}]}}