{"id":53698,"date":"2025-01-18T20:24:20","date_gmt":"2025-01-18T17:24:20","guid":{"rendered":"https:\/\/saudi-dates.com\/product\/alpaka-medine\/"},"modified":"2025-01-18T20:24:20","modified_gmt":"2025-01-18T17:24:20","slug":"alpaka-medine","status":"publish","type":"product","link":"https:\/\/saudi-dates.com\/tr\/urun\/alpaka-medine\/","title":{"rendered":"Alpaka Medine"},"content":{"rendered":"<h5>Yalbekj Almadeni<\/h5>\n<p>&nbsp;<\/p>\n<h5><a href=\"https:\/\/elixir-sa.com\/\" target=\"_blank\" rel=\"noopener\"> <\/a><a href=\"https:\/\/elixir-sa.com\/\" target=\"_blank\" rel=\"noopener\"> <\/a>Kurutulmu\u015f Medine g\u00fclleri, Suudi kahvesi ve Medine&#8217;deki Elixir \u00e7iftliklerinden gelen en \u00f6zel hurma t\u00fcrlerinden biri olarak kabul edilen d\u00f6rt \u00e7e\u015fit birinci s\u0131n\u0131f Medine hurmas\u0131 i\u00e7erir.<\/h5>\n<h4><strong>\u0130ksir Medine Pudingi Malzemeleri<\/strong><\/h4>\n<p>0.5kg Agwa + 0.5kg Saqi + 0.5kg Safawi + 0.5kg Majdal + Kurutulmu\u015f Medine G\u00fcl\u00fc + Suudi Kahvesi<\/p>\n<p><strong>Elixir, lezzetli hurmalar\u0131n yeti\u015ftirilmesi, \u00fcretimi ve sat\u0131\u015f\u0131n\u0131 birle\u015ftiren en iyi \u015firketlerden biri olarak tan\u0131nmaktad\u0131r. Elixir Hurmalar\u0131, her hurman\u0131n tad\u0131n\u0131 ve kalitesini garanti eden modern ve s\u00fcrd\u00fcr\u00fclebilir tar\u0131m y\u00f6ntemleri kullan\u0131larak \u00fcretilmektedir.<\/strong><\/p>\n","protected":false},"excerpt":{"rendered":"<h5>Benzersiz bir tasar\u0131ma ve farkl\u0131 bir Medina koleksiyonuna sahip olan Elixir&#8217;in Medina Pug&#8217;\u0131 ile etkinli\u011finizi unutulmaz k\u0131l\u0131n.<\/h5>\n","protected":false},"featured_media":46690,"template":"","meta":[],"product_brand":[],"product_cat":[1861],"product_tag":[],"class_list":{"0":"post-53698","1":"product","2":"type-product","3":"status-publish","4":"has-post-thumbnail","6":"product_cat-medine-tarihleri","8":"first","9":"instock","10":"sale","11":"shipping-taxable","12":"purchasable","13":"product-type-simple"},"aioseo_notices":[],"_links":{"self":[{"href":"https:\/\/saudi-dates.com\/tr\/wp-json\/wp\/v2\/product\/53698","targetHints":{"allow":["GET"]}}],"collection":[{"href":"https:\/\/saudi-dates.com\/tr\/wp-json\/wp\/v2\/product"}],"about":[{"href":"https:\/\/saudi-dates.com\/tr\/wp-json\/wp\/v2\/types\/product"}],"version-history":[{"count":0,"href":"https:\/\/saudi-dates.com\/tr\/wp-json\/wp\/v2\/product\/53698\/revisions"}],"wp:featuredmedia":[{"embeddable":true,"href":"https:\/\/saudi-dates.com\/tr\/wp-json\/wp\/v2\/media\/46690"}],"wp:attachment":[{"href":"https:\/\/saudi-dates.com\/tr\/wp-json\/wp\/v2\/media?parent=53698"}],"wp:term":[{"taxonomy":"product_brand","embeddable":true,"href":"https:\/\/saudi-dates.com\/tr\/wp-json\/wp\/v2\/product_brand?post=53698"},{"taxonomy":"product_cat","embeddable":true,"href":"https:\/\/saudi-dates.com\/tr\/wp-json\/wp\/v2\/product_cat?post=53698"},{"taxonomy":"product_tag","embeddable":true,"href":"https:\/\/saudi-dates.com\/tr\/wp-json\/wp\/v2\/product_tag?post=53698"}],"curies":[{"name":"wp","href":"https:\/\/api.w.org\/{rel}","templated":true}]}}