{"id":53693,"date":"2025-01-18T20:08:20","date_gmt":"2025-01-18T17:08:20","guid":{"rendered":"https:\/\/saudi-dates.com\/product\/suslu-macun-1kg\/"},"modified":"2025-01-18T20:08:20","modified_gmt":"2025-01-18T17:08:20","slug":"suslu-macun-1kg","status":"publish","type":"product","link":"https:\/\/saudi-dates.com\/tr\/urun\/suslu-macun-1kg\/","title":{"rendered":"S\u00fcsl\u00fc Macun (1kg)"},"content":{"rendered":"<h5>S\u00fcsl\u00fc Macun (1kg)<\/h5>\n<h5>Bu da onu \u00e7e\u015fitli yemekler ve tatl\u0131lar i\u00e7in m\u00fckemmel bir katk\u0131 haline getirir. \u0130ster sa\u011fl\u0131kl\u0131 bir at\u0131\u015ft\u0131rmal\u0131k ister tarifleriniz i\u00e7in \u00f6zel bir malzeme ar\u0131yor olun, Ajwa Ezmesi m\u00fckemmel bir se\u00e7imdir.  <\/h5>\n<h5>Birinci s\u0131n\u0131f do\u011fal hurma yeti\u015ftiricili\u011fi, \u00fcretimi ve sat\u0131\u015f\u0131n\u0131 birle\u015ftiren en iyi \u015firketlerden biri olarak bilinen Elixir Hurmalar\u0131, her bir hurma \u00e7ekirde\u011finin lezzetini ve kalitesini garanti eden modern ve s\u00fcrd\u00fcr\u00fclebilir tar\u0131m y\u00f6ntemleri kullan\u0131larak \u00fcretilmektedir.<\/h5>\n","protected":false},"excerpt":{"rendered":"<h5>Bu l\u00fcks al-Ajwa ezmesi, Medine&#8217;deki Elixir \u00c7iftliklerinden gelen en iyi al-Ajwa hurmalar\u0131ndan yap\u0131l\u0131r. Zengin tatl\u0131 tad\u0131 ve p\u00fcr\u00fczs\u00fcz dokusu ile karakterizedir. <\/h5>\n","protected":false},"featured_media":46672,"template":"","meta":[],"product_brand":[],"product_cat":[1861],"product_tag":[2154,2250],"class_list":{"0":"post-53693","1":"product","2":"type-product","3":"status-publish","4":"has-post-thumbnail","6":"product_cat-medine-tarihleri","7":"product_tag--tr","8":"product_tag-_-tr","10":"first","11":"instock","12":"shipping-taxable","13":"purchasable","14":"product-type-simple"},"aioseo_notices":[],"_links":{"self":[{"href":"https:\/\/saudi-dates.com\/tr\/wp-json\/wp\/v2\/product\/53693","targetHints":{"allow":["GET"]}}],"collection":[{"href":"https:\/\/saudi-dates.com\/tr\/wp-json\/wp\/v2\/product"}],"about":[{"href":"https:\/\/saudi-dates.com\/tr\/wp-json\/wp\/v2\/types\/product"}],"version-history":[{"count":0,"href":"https:\/\/saudi-dates.com\/tr\/wp-json\/wp\/v2\/product\/53693\/revisions"}],"wp:featuredmedia":[{"embeddable":true,"href":"https:\/\/saudi-dates.com\/tr\/wp-json\/wp\/v2\/media\/46672"}],"wp:attachment":[{"href":"https:\/\/saudi-dates.com\/tr\/wp-json\/wp\/v2\/media?parent=53693"}],"wp:term":[{"taxonomy":"product_brand","embeddable":true,"href":"https:\/\/saudi-dates.com\/tr\/wp-json\/wp\/v2\/product_brand?post=53693"},{"taxonomy":"product_cat","embeddable":true,"href":"https:\/\/saudi-dates.com\/tr\/wp-json\/wp\/v2\/product_cat?post=53693"},{"taxonomy":"product_tag","embeddable":true,"href":"https:\/\/saudi-dates.com\/tr\/wp-json\/wp\/v2\/product_tag?post=53693"}],"curies":[{"name":"wp","href":"https:\/\/api.w.org\/{rel}","templated":true}]}}