{"id":53688,"date":"2025-01-18T20:06:33","date_gmt":"2025-01-18T17:06:33","guid":{"rendered":"https:\/\/saudi-dates.com\/product\/hurma-ezmesi-1kg\/"},"modified":"2025-01-18T20:06:33","modified_gmt":"2025-01-18T17:06:33","slug":"hurma-ezmesi-1kg","status":"publish","type":"product","link":"https:\/\/saudi-dates.com\/tr\/urun\/hurma-ezmesi-1kg\/","title":{"rendered":"Hurma Ezmesi (1kg)"},"content":{"rendered":"<h2><strong>Hurma Ezmesi (1kg)<\/strong><\/h2>\n<ul>\n<li>Bu hurma ezmesi, \u00f6zenle harmanlanm\u0131\u015f <strong>do\u011fal hurmalar\u0131n<\/strong> birle\u015fiminden gelen zengin bir lezzete sahiptir.<\/li>\n<li>\u0130lave \u015feker i\u00e7ermeyen \u015fekersiz hurma ezmesi, ilave \u015feker i\u00e7ermedi\u011fi ve yaln\u0131zca hurman\u0131n do\u011fal tatl\u0131l\u0131\u011f\u0131na dayand\u0131\u011f\u0131 i\u00e7in sa\u011fl\u0131kl\u0131 do\u011fas\u0131 ile karakterize edilir.  <\/li>\n<li>Hurma ezmesi, tatl\u0131lar ve hamur i\u015fleri gibi bir\u00e7ok farkl\u0131 tarif ve yemekte kullan\u0131labilir.<\/li>\n<li>Hurman\u0131n lif, vitamin ve mineral gibi t\u00fcm \u00f6nemli besin maddelerini i\u00e7erir.<\/li>\n<\/ul>\n<p><strong>Elixir <\/strong>Store&#8217;dan Hurma Ezmesi ile do\u011fal lezzetin ve sa\u011fl\u0131k faydalar\u0131n\u0131n tad\u0131n\u0131 \u00e7\u0131kar\u0131n Do\u011fal ve besin a\u00e7\u0131s\u0131ndan zengin tatl\u0131l\u0131\u011f\u0131 ke\u015ffedin ve g\u00fcnl\u00fck yemeklerinize sa\u011fl\u0131kl\u0131 ve lezzetli bir dokunu\u015f kat\u0131n, Hurma Ezmesini hemen al\u0131n ve benzersiz bir lezzetin ve bir\u00e7ok sa\u011fl\u0131k faydas\u0131n\u0131n tad\u0131n\u0131 \u00e7\u0131kar\u0131n.  <\/p>\n","protected":false},"excerpt":{"rendered":"<p>Hurma <strong>ezmesinin<\/strong>harika lezzetinin ve say\u0131s\u0131z sa\u011fl\u0131k faydas\u0131n\u0131n tad\u0131n\u0131 \u00e7\u0131kar\u0131n. Hurma ezmesi, Medine&#8217;deki en iyi<strong> premium hurmalar\u0131n<\/strong> 6&#8217;dan fazla \u00e7e\u015fidinin bir araya getirilmesiyle olu\u015fturulan m\u00fckemmel bir hurma ezmesidir<\/p>\n","protected":false},"featured_media":46654,"template":"","meta":[],"product_brand":[],"product_cat":[1861],"product_tag":[2154,2250],"class_list":{"0":"post-53688","1":"product","2":"type-product","3":"status-publish","4":"has-post-thumbnail","6":"product_cat-medine-tarihleri","7":"product_tag--tr","8":"product_tag-_-tr","10":"first","11":"instock","12":"shipping-taxable","13":"purchasable","14":"product-type-simple"},"aioseo_notices":[],"_links":{"self":[{"href":"https:\/\/saudi-dates.com\/tr\/wp-json\/wp\/v2\/product\/53688","targetHints":{"allow":["GET"]}}],"collection":[{"href":"https:\/\/saudi-dates.com\/tr\/wp-json\/wp\/v2\/product"}],"about":[{"href":"https:\/\/saudi-dates.com\/tr\/wp-json\/wp\/v2\/types\/product"}],"version-history":[{"count":0,"href":"https:\/\/saudi-dates.com\/tr\/wp-json\/wp\/v2\/product\/53688\/revisions"}],"wp:featuredmedia":[{"embeddable":true,"href":"https:\/\/saudi-dates.com\/tr\/wp-json\/wp\/v2\/media\/46654"}],"wp:attachment":[{"href":"https:\/\/saudi-dates.com\/tr\/wp-json\/wp\/v2\/media?parent=53688"}],"wp:term":[{"taxonomy":"product_brand","embeddable":true,"href":"https:\/\/saudi-dates.com\/tr\/wp-json\/wp\/v2\/product_brand?post=53688"},{"taxonomy":"product_cat","embeddable":true,"href":"https:\/\/saudi-dates.com\/tr\/wp-json\/wp\/v2\/product_cat?post=53688"},{"taxonomy":"product_tag","embeddable":true,"href":"https:\/\/saudi-dates.com\/tr\/wp-json\/wp\/v2\/product_tag?post=53688"}],"curies":[{"name":"wp","href":"https:\/\/api.w.org\/{rel}","templated":true}]}}