{"id":53488,"date":"2025-02-19T18:59:07","date_gmt":"2025-02-19T15:59:07","guid":{"rendered":"https:\/\/saudi-dates.com\/product\/mojdoul-islak-5kg-2\/"},"modified":"2025-02-19T18:59:07","modified_gmt":"2025-02-19T15:59:07","slug":"mojdoul-islak-5kg-2","status":"publish","type":"product","link":"https:\/\/saudi-dates.com\/tr\/urun\/mojdoul-islak-5kg-2\/","title":{"rendered":"Mojdoul Islak 5kg"},"content":{"rendered":"","protected":false},"excerpt":{"rendered":"<p>A\u011f\u0131rl\u0131k: 5 Kilo<\/p>\n","protected":false},"featured_media":47280,"template":"","meta":[],"product_brand":[],"product_cat":[1861],"product_tag":[2130],"class_list":{"0":"post-53488","1":"product","2":"type-product","3":"status-publish","4":"has-post-thumbnail","6":"product_cat-medine-tarihleri","7":"product_tag--tr","9":"first","10":"instock","11":"shipping-taxable","12":"purchasable","13":"product-type-simple"},"aioseo_notices":[],"_links":{"self":[{"href":"https:\/\/saudi-dates.com\/tr\/wp-json\/wp\/v2\/product\/53488","targetHints":{"allow":["GET"]}}],"collection":[{"href":"https:\/\/saudi-dates.com\/tr\/wp-json\/wp\/v2\/product"}],"about":[{"href":"https:\/\/saudi-dates.com\/tr\/wp-json\/wp\/v2\/types\/product"}],"version-history":[{"count":0,"href":"https:\/\/saudi-dates.com\/tr\/wp-json\/wp\/v2\/product\/53488\/revisions"}],"wp:featuredmedia":[{"embeddable":true,"href":"https:\/\/saudi-dates.com\/tr\/wp-json\/wp\/v2\/media\/47280"}],"wp:attachment":[{"href":"https:\/\/saudi-dates.com\/tr\/wp-json\/wp\/v2\/media?parent=53488"}],"wp:term":[{"taxonomy":"product_brand","embeddable":true,"href":"https:\/\/saudi-dates.com\/tr\/wp-json\/wp\/v2\/product_brand?post=53488"},{"taxonomy":"product_cat","embeddable":true,"href":"https:\/\/saudi-dates.com\/tr\/wp-json\/wp\/v2\/product_cat?post=53488"},{"taxonomy":"product_tag","embeddable":true,"href":"https:\/\/saudi-dates.com\/tr\/wp-json\/wp\/v2\/product_tag?post=53488"}],"curies":[{"name":"wp","href":"https:\/\/api.w.org\/{rel}","templated":true}]}}