{"id":53462,"date":"2025-02-19T18:59:07","date_gmt":"2025-02-19T15:59:07","guid":{"rendered":"https:\/\/saudi-dates.com\/product\/amber-hurma-500g-2\/"},"modified":"2025-02-19T18:59:07","modified_gmt":"2025-02-19T15:59:07","slug":"amber-hurma-500g-2","status":"publish","type":"product","link":"https:\/\/saudi-dates.com\/tr\/urun\/amber-hurma-500g-2\/","title":{"rendered":"Amber Hurma 500g"},"content":{"rendered":"","protected":false},"excerpt":{"rendered":"<article class=\"article article--main article--product-details mb-50 \">Anabra hurmas\u0131 Krall\u0131ktaki en iyi hurma t\u00fcrlerinden biridir ve dikd\u00f6rtgen \u015fekli, k\u0131rm\u0131z\u0131 rengi, b\u00fcy\u00fck boyutu ile karakterize edilir ve bir\u00e7ok vitamin i\u00e7erir.<\/p>\n<\/article>\n","protected":false},"featured_media":47377,"template":"","meta":[],"product_brand":[],"product_cat":[1861],"product_tag":[2198],"class_list":{"0":"post-53462","1":"product","2":"type-product","3":"status-publish","4":"has-post-thumbnail","6":"product_cat-medine-tarihleri","7":"product_tag-_-tr","9":"first","10":"instock","11":"shipping-taxable","12":"purchasable","13":"product-type-simple"},"aioseo_notices":[],"_links":{"self":[{"href":"https:\/\/saudi-dates.com\/tr\/wp-json\/wp\/v2\/product\/53462","targetHints":{"allow":["GET"]}}],"collection":[{"href":"https:\/\/saudi-dates.com\/tr\/wp-json\/wp\/v2\/product"}],"about":[{"href":"https:\/\/saudi-dates.com\/tr\/wp-json\/wp\/v2\/types\/product"}],"version-history":[{"count":0,"href":"https:\/\/saudi-dates.com\/tr\/wp-json\/wp\/v2\/product\/53462\/revisions"}],"wp:featuredmedia":[{"embeddable":true,"href":"https:\/\/saudi-dates.com\/tr\/wp-json\/wp\/v2\/media\/47377"}],"wp:attachment":[{"href":"https:\/\/saudi-dates.com\/tr\/wp-json\/wp\/v2\/media?parent=53462"}],"wp:term":[{"taxonomy":"product_brand","embeddable":true,"href":"https:\/\/saudi-dates.com\/tr\/wp-json\/wp\/v2\/product_brand?post=53462"},{"taxonomy":"product_cat","embeddable":true,"href":"https:\/\/saudi-dates.com\/tr\/wp-json\/wp\/v2\/product_cat?post=53462"},{"taxonomy":"product_tag","embeddable":true,"href":"https:\/\/saudi-dates.com\/tr\/wp-json\/wp\/v2\/product_tag?post=53462"}],"curies":[{"name":"wp","href":"https:\/\/api.w.org\/{rel}","templated":true}]}}