{"id":53421,"date":"2025-02-19T19:34:23","date_gmt":"2025-02-19T16:34:23","guid":{"rendered":"https:\/\/saudi-dates.com\/product\/sehir-urunleri-bakkaj\/"},"modified":"2025-02-19T19:34:23","modified_gmt":"2025-02-19T16:34:23","slug":"sehir-urunleri-bakkaj","status":"publish","type":"product","link":"https:\/\/saudi-dates.com\/tr\/urun\/sehir-urunleri-bakkaj\/","title":{"rendered":"\u015eehir \u00dcr\u00fcnleri Bakkaj"},"content":{"rendered":"<p><strong>\u015eehir \u00dcr\u00fcnleri Bakkaj  <\/strong><\/p>\n<ul>\n<li class=\"ql-direction-rtl\"><strong>Medina Organik Ojwa (2 paket &#8211; paket ba\u015f\u0131na 500g):<\/strong> 100 do\u011fal, Medina&#8217;dan temin edilmi\u015ftir, yapay katk\u0131 maddesi i\u00e7ermez.  <\/li>\n<li class=\"ql-direction-rtl\"><strong>Kakule aromal\u0131 alajwa dolgulu hurmal\u0131 maamoul (500g):<\/strong> Medine al-Ajwa ve kakulenin do\u011fal lezzeti ile doldurulmu\u015f l\u00fcks bir hamur.<\/li>\n<li class=\"ql-direction-rtl\"><strong>\u00c7\u00f6rek otu aromal\u0131 alajwa dolgulu Hurmal\u0131 Maamoul (500g):<\/strong> Taze \u00e7\u00f6rek otu dokunu\u015fuyla Medine al-Ajwa ile doldurulmu\u015f yumu\u015fak bir hamur.<\/li>\n<li class=\"ql-direction-rtl\"><strong>Shaboora Al Madinah aromal\u0131 Birr (500g):<\/strong> Do\u011fal birr unu ve kakule i\u00e7erikli, tatl\u0131 veya \u00e7ay\u0131n yan\u0131nda m\u00fckemmel. <\/li>\n<li class=\"ql-direction-rtl\"><strong>Talebina Al Madina (600g):<\/strong> Do\u011fal \u00f6\u011f\u00fct\u00fclm\u00fc\u015f arpadan yap\u0131lm\u0131\u015f, yumu\u015fak ve yap\u0131m\u0131 kolay bir mamad\u0131r. <\/li>\n<li class=\"ql-direction-rtl\"><strong>Fas Medine Nanesi (70g):<\/strong> G\u00fczel kokulu aromas\u0131 ve zengin lezzetiyle bilinen kurutulmu\u015f nane yapraklar\u0131. <\/li>\n<li class=\"ql-direction-rtl\"><strong>\u015eehir Fesle\u011feni Nane (70g):<\/strong> G\u00fc\u00e7l\u00fc bir tada ve geleneksel aromaya sahip kurutulmu\u015f fesle\u011fen.<\/li>\n<li class=\"ql-direction-rtl\"><strong>Kurutulmu\u015f do\u011fal \u015fehir g\u00fclleri (60g):<\/strong> Dekorasyon veya i\u00e7eceklerde kullan\u0131labilen do\u011fal kurutulmu\u015f g\u00fcller. <\/li>\n<li class=\"ql-direction-rtl\"><strong>Medine unu (250g):<\/strong> Yemeklere e\u015fsiz bir lezzet katan geleneksel bir Medine baharat kar\u0131\u015f\u0131m\u0131. <\/li>\n<\/ul>\n","protected":false},"excerpt":{"rendered":"<h2 class=\"ql-direction-rtl\"><span style=\"font-size: 16px;\"><strong>\u015eehir \u00dcr\u00fcnleri Bakkaj<\/strong><\/span><\/h2>\n<h3 class=\"ql-direction-rtl\"><span style=\"font-size: 16px;\">Medina&#8217;n\u0131n en iyi \u00fcr\u00fcnlerinden bir se\u00e7ki tek bir \u00e7antada<\/span><\/h3>\n","protected":false},"featured_media":47808,"template":"","meta":[],"product_brand":[],"product_cat":[1861],"product_tag":[2208,2213,2218,2245],"class_list":{"0":"post-53421","1":"product","2":"type-product","3":"status-publish","4":"has-post-thumbnail","6":"product_cat-medine-tarihleri","7":"product_tag--tr","8":"product_tag-_-tr","10":"product_tag-tarih","12":"first","13":"instock","14":"sale","15":"shipping-taxable","16":"purchasable","17":"product-type-simple"},"aioseo_notices":[],"_links":{"self":[{"href":"https:\/\/saudi-dates.com\/tr\/wp-json\/wp\/v2\/product\/53421","targetHints":{"allow":["GET"]}}],"collection":[{"href":"https:\/\/saudi-dates.com\/tr\/wp-json\/wp\/v2\/product"}],"about":[{"href":"https:\/\/saudi-dates.com\/tr\/wp-json\/wp\/v2\/types\/product"}],"version-history":[{"count":0,"href":"https:\/\/saudi-dates.com\/tr\/wp-json\/wp\/v2\/product\/53421\/revisions"}],"wp:featuredmedia":[{"embeddable":true,"href":"https:\/\/saudi-dates.com\/tr\/wp-json\/wp\/v2\/media\/47808"}],"wp:attachment":[{"href":"https:\/\/saudi-dates.com\/tr\/wp-json\/wp\/v2\/media?parent=53421"}],"wp:term":[{"taxonomy":"product_brand","embeddable":true,"href":"https:\/\/saudi-dates.com\/tr\/wp-json\/wp\/v2\/product_brand?post=53421"},{"taxonomy":"product_cat","embeddable":true,"href":"https:\/\/saudi-dates.com\/tr\/wp-json\/wp\/v2\/product_cat?post=53421"},{"taxonomy":"product_tag","embeddable":true,"href":"https:\/\/saudi-dates.com\/tr\/wp-json\/wp\/v2\/product_tag?post=53421"}],"curies":[{"name":"wp","href":"https:\/\/api.w.org\/{rel}","templated":true}]}}