{"id":53376,"date":"2025-02-19T18:59:09","date_gmt":"2025-02-19T15:59:09","guid":{"rendered":"https:\/\/saudi-dates.com\/product\/hurma-800g-2\/"},"modified":"2025-02-19T18:59:09","modified_gmt":"2025-02-19T15:59:09","slug":"hurma-800g-2","status":"publish","type":"product","link":"https:\/\/saudi-dates.com\/tr\/urun\/hurma-800g-2\/","title":{"rendered":"Hurma 800g"},"content":{"rendered":"","protected":false},"excerpt":{"rendered":"<p>Mecdoul hurmas\u0131, di\u011fer hurma t\u00fcrlerine k\u0131yasla do\u011fal tatl\u0131 tad\u0131, b\u00fcy\u00fck boyutu ve koyu rengi ile karakterize edilir.<\/p>\n","protected":false},"featured_media":47618,"template":"","meta":[],"product_brand":[],"product_cat":[1861],"product_tag":[2154,2155],"class_list":{"0":"post-53376","1":"product","2":"type-product","3":"status-publish","4":"has-post-thumbnail","6":"product_cat-medine-tarihleri","7":"product_tag--tr","8":"product_tag-_-tr","10":"first","11":"instock","12":"shipping-taxable","13":"purchasable","14":"product-type-simple"},"aioseo_notices":[],"_links":{"self":[{"href":"https:\/\/saudi-dates.com\/tr\/wp-json\/wp\/v2\/product\/53376","targetHints":{"allow":["GET"]}}],"collection":[{"href":"https:\/\/saudi-dates.com\/tr\/wp-json\/wp\/v2\/product"}],"about":[{"href":"https:\/\/saudi-dates.com\/tr\/wp-json\/wp\/v2\/types\/product"}],"version-history":[{"count":0,"href":"https:\/\/saudi-dates.com\/tr\/wp-json\/wp\/v2\/product\/53376\/revisions"}],"wp:featuredmedia":[{"embeddable":true,"href":"https:\/\/saudi-dates.com\/tr\/wp-json\/wp\/v2\/media\/47618"}],"wp:attachment":[{"href":"https:\/\/saudi-dates.com\/tr\/wp-json\/wp\/v2\/media?parent=53376"}],"wp:term":[{"taxonomy":"product_brand","embeddable":true,"href":"https:\/\/saudi-dates.com\/tr\/wp-json\/wp\/v2\/product_brand?post=53376"},{"taxonomy":"product_cat","embeddable":true,"href":"https:\/\/saudi-dates.com\/tr\/wp-json\/wp\/v2\/product_cat?post=53376"},{"taxonomy":"product_tag","embeddable":true,"href":"https:\/\/saudi-dates.com\/tr\/wp-json\/wp\/v2\/product_tag?post=53376"}],"curies":[{"name":"wp","href":"https:\/\/api.w.org\/{rel}","templated":true}]}}