{"id":53351,"date":"2025-02-19T18:59:09","date_gmt":"2025-02-19T15:59:09","guid":{"rendered":"https:\/\/saudi-dates.com\/product\/kizarmis-seker-400g-2\/"},"modified":"2025-02-19T18:59:09","modified_gmt":"2025-02-19T15:59:09","slug":"kizarmis-seker-400g-2","status":"publish","type":"product","link":"https:\/\/saudi-dates.com\/tr\/urun\/kizarmis-seker-400g-2\/","title":{"rendered":"K\u0131zarm\u0131\u015f \u015eeker 400g"},"content":{"rendered":"","protected":false},"excerpt":{"rendered":"","protected":false},"featured_media":47677,"template":"","meta":[],"product_brand":[],"product_cat":[1861],"product_tag":[],"class_list":{"0":"post-53351","1":"product","2":"type-product","3":"status-publish","4":"has-post-thumbnail","6":"product_cat-medine-tarihleri","8":"first","9":"instock","10":"shipping-taxable","11":"purchasable","12":"product-type-simple"},"aioseo_notices":[],"_links":{"self":[{"href":"https:\/\/saudi-dates.com\/tr\/wp-json\/wp\/v2\/product\/53351","targetHints":{"allow":["GET"]}}],"collection":[{"href":"https:\/\/saudi-dates.com\/tr\/wp-json\/wp\/v2\/product"}],"about":[{"href":"https:\/\/saudi-dates.com\/tr\/wp-json\/wp\/v2\/types\/product"}],"version-history":[{"count":0,"href":"https:\/\/saudi-dates.com\/tr\/wp-json\/wp\/v2\/product\/53351\/revisions"}],"wp:featuredmedia":[{"embeddable":true,"href":"https:\/\/saudi-dates.com\/tr\/wp-json\/wp\/v2\/media\/47677"}],"wp:attachment":[{"href":"https:\/\/saudi-dates.com\/tr\/wp-json\/wp\/v2\/media?parent=53351"}],"wp:term":[{"taxonomy":"product_brand","embeddable":true,"href":"https:\/\/saudi-dates.com\/tr\/wp-json\/wp\/v2\/product_brand?post=53351"},{"taxonomy":"product_cat","embeddable":true,"href":"https:\/\/saudi-dates.com\/tr\/wp-json\/wp\/v2\/product_cat?post=53351"},{"taxonomy":"product_tag","embeddable":true,"href":"https:\/\/saudi-dates.com\/tr\/wp-json\/wp\/v2\/product_tag?post=53351"}],"curies":[{"name":"wp","href":"https:\/\/api.w.org\/{rel}","templated":true}]}}