{"id":53325,"date":"2025-02-19T18:59:08","date_gmt":"2025-02-19T15:59:08","guid":{"rendered":"https:\/\/saudi-dates.com\/product\/islatilmis-hurma-500g-2\/"},"modified":"2025-02-19T18:59:08","modified_gmt":"2025-02-19T15:59:08","slug":"islatilmis-hurma-500g-2","status":"publish","type":"product","link":"https:\/\/saudi-dates.com\/tr\/urun\/islatilmis-hurma-500g-2\/","title":{"rendered":"\u0131slat\u0131lm\u0131\u015f hurma 500g"},"content":{"rendered":"<p>Al Saqi&#8217;i hurmalar\u0131, ba\u015flang\u0131\u00e7ta a\u00e7\u0131k alt\u0131n rengi ve hafif kuru olmak \u00fczere iki renkle bilinir.  G\u00f6vdenin geri kalan\u0131 kahverengi ve yumu\u015fak olsa da, tek kelimeyle lezzetli  <\/p>\n","protected":false},"excerpt":{"rendered":"<p>Sakkah hurmalar\u0131 birinci s\u0131n\u0131f korumal\u0131 ka\u011f\u0131t kutularda paketlenmi\u015ftir, b\u00f6ylece her zaman taze gelirler <\/p>\n<p>&nbsp;<\/p>\n","protected":false},"featured_media":47430,"template":"","meta":[],"product_brand":[],"product_cat":[1861],"product_tag":[2146],"class_list":{"0":"post-53325","1":"product","2":"type-product","3":"status-publish","4":"has-post-thumbnail","6":"product_cat-medine-tarihleri","7":"product_tag-_-tr","9":"first","10":"instock","11":"shipping-taxable","12":"purchasable","13":"product-type-simple"},"aioseo_notices":[],"_links":{"self":[{"href":"https:\/\/saudi-dates.com\/tr\/wp-json\/wp\/v2\/product\/53325","targetHints":{"allow":["GET"]}}],"collection":[{"href":"https:\/\/saudi-dates.com\/tr\/wp-json\/wp\/v2\/product"}],"about":[{"href":"https:\/\/saudi-dates.com\/tr\/wp-json\/wp\/v2\/types\/product"}],"version-history":[{"count":0,"href":"https:\/\/saudi-dates.com\/tr\/wp-json\/wp\/v2\/product\/53325\/revisions"}],"wp:featuredmedia":[{"embeddable":true,"href":"https:\/\/saudi-dates.com\/tr\/wp-json\/wp\/v2\/media\/47430"}],"wp:attachment":[{"href":"https:\/\/saudi-dates.com\/tr\/wp-json\/wp\/v2\/media?parent=53325"}],"wp:term":[{"taxonomy":"product_brand","embeddable":true,"href":"https:\/\/saudi-dates.com\/tr\/wp-json\/wp\/v2\/product_brand?post=53325"},{"taxonomy":"product_cat","embeddable":true,"href":"https:\/\/saudi-dates.com\/tr\/wp-json\/wp\/v2\/product_cat?post=53325"},{"taxonomy":"product_tag","embeddable":true,"href":"https:\/\/saudi-dates.com\/tr\/wp-json\/wp\/v2\/product_tag?post=53325"}],"curies":[{"name":"wp","href":"https:\/\/api.w.org\/{rel}","templated":true}]}}