{"id":53320,"date":"2025-02-26T16:40:14","date_gmt":"2025-02-26T13:40:14","guid":{"rendered":"https:\/\/saudi-dates.com\/product\/medine-gulleri-ile-doldurulmus-ojwa-2\/"},"modified":"2025-02-26T16:40:14","modified_gmt":"2025-02-26T13:40:14","slug":"medine-gulleri-ile-doldurulmus-ojwa-2","status":"publish","type":"product","link":"https:\/\/saudi-dates.com\/tr\/urun\/medine-gulleri-ile-doldurulmus-ojwa-2\/","title":{"rendered":"Medine G\u00fclleri ile Doldurulmu\u015f Ojwa"},"content":{"rendered":"<p>Medine G\u00fclleri ile Doldurulmu\u015f Ojwa<\/p>\n<p>&nbsp;<\/p>\n","protected":false},"excerpt":{"rendered":"<p>Aromal\u0131 hurma dolmas\u0131 \u00e7e\u015fitlerimizle benzersiz ve farkl\u0131 bir deneyimin tad\u0131n\u0131 \u00e7\u0131kar\u0131n ve her \u00f6\u011f\u00fcnde besleyici faydalar\u0131ndan yararlan\u0131n <\/p>\n","protected":false},"featured_media":46036,"template":"","meta":[],"product_brand":[2179],"product_cat":[],"product_tag":[2154,2240,2213],"class_list":{"0":"post-53320","1":"product","2":"type-product","3":"status-publish","4":"has-post-thumbnail","6":"product_brand-medine-tarihleri","7":"product_tag--tr","9":"product_tag-_-tr","11":"first","12":"instock","13":"sold-individually","14":"shipping-taxable","15":"purchasable","16":"product-type-simple"},"aioseo_notices":[],"_links":{"self":[{"href":"https:\/\/saudi-dates.com\/tr\/wp-json\/wp\/v2\/product\/53320","targetHints":{"allow":["GET"]}}],"collection":[{"href":"https:\/\/saudi-dates.com\/tr\/wp-json\/wp\/v2\/product"}],"about":[{"href":"https:\/\/saudi-dates.com\/tr\/wp-json\/wp\/v2\/types\/product"}],"version-history":[{"count":0,"href":"https:\/\/saudi-dates.com\/tr\/wp-json\/wp\/v2\/product\/53320\/revisions"}],"wp:featuredmedia":[{"embeddable":true,"href":"https:\/\/saudi-dates.com\/tr\/wp-json\/wp\/v2\/media\/46036"}],"wp:attachment":[{"href":"https:\/\/saudi-dates.com\/tr\/wp-json\/wp\/v2\/media?parent=53320"}],"wp:term":[{"taxonomy":"product_brand","embeddable":true,"href":"https:\/\/saudi-dates.com\/tr\/wp-json\/wp\/v2\/product_brand?post=53320"},{"taxonomy":"product_cat","embeddable":true,"href":"https:\/\/saudi-dates.com\/tr\/wp-json\/wp\/v2\/product_cat?post=53320"},{"taxonomy":"product_tag","embeddable":true,"href":"https:\/\/saudi-dates.com\/tr\/wp-json\/wp\/v2\/product_tag?post=53320"}],"curies":[{"name":"wp","href":"https:\/\/api.w.org\/{rel}","templated":true}]}}