{"id":53186,"date":"2025-02-19T19:34:25","date_gmt":"2025-02-19T16:34:25","guid":{"rendered":"https:\/\/saudi-dates.com\/product\/sehir-ebegumeci\/"},"modified":"2025-02-19T19:34:25","modified_gmt":"2025-02-19T16:34:25","slug":"sehir-ebegumeci","status":"publish","type":"product","link":"https:\/\/saudi-dates.com\/tr\/urun\/sehir-ebegumeci\/","title":{"rendered":"\u015eehir Ebeg\u00fcmeci"},"content":{"rendered":"<p><strong>\u015eehir Ebeg\u00fcmeci  <\/strong><\/p>\n<ul>\n<li class=\"ql-direction-rtl\"><strong>\u00dcr\u00fcn ad\u0131: <\/strong>\u015eehir Ebeg\u00fcmeci<\/li>\n<li class=\"ql-direction-rtl\"><strong>A\u011f\u0131rl\u0131k<\/strong> 90 gram<\/li>\n<li class=\"ql-direction-rtl\"><strong>\u0130\u00e7indekiler:<\/strong> 100 kurutulmu\u015f hibiskus \u00e7i\u00e7ekleri, y\u00fcksek kalite ve lezzet sa\u011flamak i\u00e7in \u00f6zenle se\u00e7ilmi\u015ftir. <\/li>\n<li class=\"ql-direction-rtl\"><strong>Ambalajlama:<\/strong> \u00dcr\u00fcn\u00fcn tazeli\u011fini ve lezzetini korumak i\u00e7in hava ge\u00e7irmez ambalaj. A\u00e7mas\u0131 ve kullanmas\u0131 kolayd\u0131r. <\/li>\n<li class=\"ql-direction-rtl\"><strong>Kimyasal madde i\u00e7ermez:<\/strong> Koruyucu veya yapay katk\u0131 maddesi i\u00e7ermeyen tamamen do\u011fal bir \u00fcr\u00fcn. <\/li>\n<li class=\"ql-direction-rtl\"><strong>Kullan\u0131m Alanlar\u0131:<\/strong> Hibiskus \u00e7ay\u0131, so\u011fuk meyve suyu, g\u0131da katk\u0131 maddeleri, tatl\u0131lar ve cilt bak\u0131m\u0131 i\u00e7in idealdir.   <\/li>\n<li class=\"ql-direction-rtl\"><strong>\u00dcr\u00fcn \u00f6zellikleri: <\/strong>Ferahlat\u0131c\u0131 do\u011fal bir aromaya sahiptir, kimyasal i\u00e7ermez ve \u00e7oklu kullan\u0131m i\u00e7in uygundur.  <\/li>\n<\/ul>\n","protected":false},"excerpt":{"rendered":"<h2 class=\"ql-direction-rtl\"><span style=\"font-size: 13px;\"><strong>Kurutulmu\u015f Hibiskus &#8211; \u015fehrin \u00e7iftliklerinden gelen do\u011fal bir lezzet<\/strong><\/span><\/h2>\n","protected":false},"featured_media":48322,"template":"","meta":[],"product_brand":[],"product_cat":[1861],"product_tag":[2213],"class_list":{"0":"post-53186","1":"product","2":"type-product","3":"status-publish","4":"has-post-thumbnail","6":"product_cat-medine-tarihleri","7":"product_tag-_-tr","9":"first","10":"instock","11":"shipping-taxable","12":"purchasable","13":"product-type-simple"},"aioseo_notices":[],"_links":{"self":[{"href":"https:\/\/saudi-dates.com\/tr\/wp-json\/wp\/v2\/product\/53186","targetHints":{"allow":["GET"]}}],"collection":[{"href":"https:\/\/saudi-dates.com\/tr\/wp-json\/wp\/v2\/product"}],"about":[{"href":"https:\/\/saudi-dates.com\/tr\/wp-json\/wp\/v2\/types\/product"}],"version-history":[{"count":0,"href":"https:\/\/saudi-dates.com\/tr\/wp-json\/wp\/v2\/product\/53186\/revisions"}],"wp:featuredmedia":[{"embeddable":true,"href":"https:\/\/saudi-dates.com\/tr\/wp-json\/wp\/v2\/media\/48322"}],"wp:attachment":[{"href":"https:\/\/saudi-dates.com\/tr\/wp-json\/wp\/v2\/media?parent=53186"}],"wp:term":[{"taxonomy":"product_brand","embeddable":true,"href":"https:\/\/saudi-dates.com\/tr\/wp-json\/wp\/v2\/product_brand?post=53186"},{"taxonomy":"product_cat","embeddable":true,"href":"https:\/\/saudi-dates.com\/tr\/wp-json\/wp\/v2\/product_cat?post=53186"},{"taxonomy":"product_tag","embeddable":true,"href":"https:\/\/saudi-dates.com\/tr\/wp-json\/wp\/v2\/product_tag?post=53186"}],"curies":[{"name":"wp","href":"https:\/\/api.w.org\/{rel}","templated":true}]}}