{"id":53176,"date":"2025-02-19T19:34:25","date_gmt":"2025-02-19T16:34:25","guid":{"rendered":"https:\/\/saudi-dates.com\/product\/sehir-feslegeni-hasawi-nane\/"},"modified":"2025-02-19T19:34:25","modified_gmt":"2025-02-19T16:34:25","slug":"sehir-feslegeni-hasawi-nane","status":"publish","type":"product","link":"https:\/\/saudi-dates.com\/tr\/urun\/sehir-feslegeni-hasawi-nane\/","title":{"rendered":"\u015eehir Fesle\u011feni &#8211; Hasawi Nane"},"content":{"rendered":"<h3 class=\"ql-direction-rtl\"><strong>\u015eehir Fesle\u011feni &#8211; Hasawi Nane  <\/strong><\/h3>\n<h3 class=\"ql-direction-rtl\"><strong>\u00d6zellikler:<\/strong><\/h3>\n<p class=\"ql-direction-rtl\"><strong>\u00dcr\u00fcn ad\u0131<\/strong>: \u015eehir Fesle\u011feni &#8211; Hassawi Nanesi &#8211; Organik Kuru Nane<\/p>\n<p class=\"ql-direction-rtl\"><strong>Marka<\/strong>: Elite Dates<\/p>\n<p class=\"ql-direction-rtl\"><strong>Paket boyutu<\/strong>: Ofis ve ev i\u00e7in ideal, seyahat ve hediye i\u00e7in kapal\u0131 25 g&#8217;l\u0131k bir pakette sunulur<\/p>\n<p class=\"ql-direction-rtl\"><strong>Tip<\/strong> Nane<\/p>\n<p class=\"ql-direction-rtl\"><strong>Kaynak<\/strong>: Medine&#8217;deki \u00c7iftliklerimiz<\/p>\n<p class=\"ql-direction-rtl\">\n","protected":false},"excerpt":{"rendered":"<h2 class=\"ql-direction-rtl\"><span style=\"font-size: 13px;\">Medine fesle\u011feni &#8211; bereketli topraklar\u0131m\u0131zdan \u00f6zenle haz\u0131rlanm\u0131\u015f ve y\u00fcksek kalitesiyle tan\u0131nan bir Hassawi nanesi<\/span><\/h2>\n","protected":false},"featured_media":48360,"template":"","meta":[],"product_brand":[],"product_cat":[1861],"product_tag":[2213],"class_list":{"0":"post-53176","1":"product","2":"type-product","3":"status-publish","4":"has-post-thumbnail","6":"product_cat-medine-tarihleri","7":"product_tag-_-tr","9":"first","10":"instock","11":"shipping-taxable","12":"purchasable","13":"product-type-simple"},"aioseo_notices":[],"_links":{"self":[{"href":"https:\/\/saudi-dates.com\/tr\/wp-json\/wp\/v2\/product\/53176","targetHints":{"allow":["GET"]}}],"collection":[{"href":"https:\/\/saudi-dates.com\/tr\/wp-json\/wp\/v2\/product"}],"about":[{"href":"https:\/\/saudi-dates.com\/tr\/wp-json\/wp\/v2\/types\/product"}],"version-history":[{"count":0,"href":"https:\/\/saudi-dates.com\/tr\/wp-json\/wp\/v2\/product\/53176\/revisions"}],"wp:featuredmedia":[{"embeddable":true,"href":"https:\/\/saudi-dates.com\/tr\/wp-json\/wp\/v2\/media\/48360"}],"wp:attachment":[{"href":"https:\/\/saudi-dates.com\/tr\/wp-json\/wp\/v2\/media?parent=53176"}],"wp:term":[{"taxonomy":"product_brand","embeddable":true,"href":"https:\/\/saudi-dates.com\/tr\/wp-json\/wp\/v2\/product_brand?post=53176"},{"taxonomy":"product_cat","embeddable":true,"href":"https:\/\/saudi-dates.com\/tr\/wp-json\/wp\/v2\/product_cat?post=53176"},{"taxonomy":"product_tag","embeddable":true,"href":"https:\/\/saudi-dates.com\/tr\/wp-json\/wp\/v2\/product_tag?post=53176"}],"curies":[{"name":"wp","href":"https:\/\/api.w.org\/{rel}","templated":true}]}}