{"id":53171,"date":"2025-02-19T19:34:25","date_gmt":"2025-02-19T16:34:25","guid":{"rendered":"https:\/\/saudi-dates.com\/product\/sehir-nanesi-fas-nanesi\/"},"modified":"2025-02-19T19:34:25","modified_gmt":"2025-02-19T16:34:25","slug":"sehir-nanesi-fas-nanesi","status":"publish","type":"product","link":"https:\/\/saudi-dates.com\/tr\/urun\/sehir-nanesi-fas-nanesi\/","title":{"rendered":"\u015eehir Nanesi | Fas Nanesi"},"content":{"rendered":"<h3 class=\"ql-direction-rtl\"><strong>\u015eehir Nanesi | Fas Nanesi<\/strong><\/h3>\n<h3 class=\"ql-direction-rtl\"><strong>Teknik \u00d6zellikler<\/strong><\/h3>\n<p class=\"ql-direction-rtl\"><strong>\u00dcr\u00fcn ad\u0131<\/strong>: \u015eehir Nanesi<\/p>\n<p class=\"ql-direction-rtl\"><strong>Boyut<\/strong> 500 gram<\/p>\n<p class=\"ql-direction-rtl\"><strong>Tip<\/strong> Nane<\/p>\n<p class=\"ql-direction-rtl\"><strong>Kaynak<\/strong>: Medina \u00c7iftlikleri<\/p>\n","protected":false},"excerpt":{"rendered":"<h2 class=\"ql-align-center text-center ql-direction-rtl\"><span style=\"font-size: 13px;\"><strong>En \u0130yi Kuru Nane &#8211; Organik Medine Nanesi<\/strong><\/span><\/h2>\n","protected":false},"featured_media":48379,"template":"","meta":[],"product_brand":[],"product_cat":[1861],"product_tag":[2213],"class_list":{"0":"post-53171","1":"product","2":"type-product","3":"status-publish","4":"has-post-thumbnail","6":"product_cat-medine-tarihleri","7":"product_tag-_-tr","9":"first","10":"instock","11":"shipping-taxable","12":"purchasable","13":"product-type-simple"},"aioseo_notices":[],"_links":{"self":[{"href":"https:\/\/saudi-dates.com\/tr\/wp-json\/wp\/v2\/product\/53171","targetHints":{"allow":["GET"]}}],"collection":[{"href":"https:\/\/saudi-dates.com\/tr\/wp-json\/wp\/v2\/product"}],"about":[{"href":"https:\/\/saudi-dates.com\/tr\/wp-json\/wp\/v2\/types\/product"}],"version-history":[{"count":0,"href":"https:\/\/saudi-dates.com\/tr\/wp-json\/wp\/v2\/product\/53171\/revisions"}],"wp:featuredmedia":[{"embeddable":true,"href":"https:\/\/saudi-dates.com\/tr\/wp-json\/wp\/v2\/media\/48379"}],"wp:attachment":[{"href":"https:\/\/saudi-dates.com\/tr\/wp-json\/wp\/v2\/media?parent=53171"}],"wp:term":[{"taxonomy":"product_brand","embeddable":true,"href":"https:\/\/saudi-dates.com\/tr\/wp-json\/wp\/v2\/product_brand?post=53171"},{"taxonomy":"product_cat","embeddable":true,"href":"https:\/\/saudi-dates.com\/tr\/wp-json\/wp\/v2\/product_cat?post=53171"},{"taxonomy":"product_tag","embeddable":true,"href":"https:\/\/saudi-dates.com\/tr\/wp-json\/wp\/v2\/product_tag?post=53171"}],"curies":[{"name":"wp","href":"https:\/\/api.w.org\/{rel}","templated":true}]}}