{"id":53151,"date":"2025-02-19T19:34:24","date_gmt":"2025-02-19T16:34:24","guid":{"rendered":"https:\/\/saudi-dates.com\/product\/bakkaj-al-tawfir-ozel-maamoul-al-agwa-koleksiyonu\/"},"modified":"2025-02-19T19:34:24","modified_gmt":"2025-02-19T16:34:24","slug":"bakkaj-al-tawfir-ozel-maamoul-al-agwa-koleksiyonu","status":"publish","type":"product","link":"https:\/\/saudi-dates.com\/tr\/urun\/bakkaj-al-tawfir-ozel-maamoul-al-agwa-koleksiyonu\/","title":{"rendered":"Bakkaj Al Tawfir \u00d6zel Maamoul Al Agwa Koleksiyonu"},"content":{"rendered":"<p class=\"ql-direction-rtl\"><strong>Bakkaj Al Tawfir \u00d6zel Maamoul Al Agwa Koleksiyonu<\/strong><\/p>\n<p class=\"ql-direction-rtl\"><strong>Pudingin i\u00e7indekiler:<\/strong><\/p>\n<p class=\"ql-direction-rtl\">2 500g kutu organik mercimek<\/p>\n<p class=\"ql-direction-rtl\">1 500g kutu Agoura, Beyaz Un ve \u00c7\u00f6rekotu dolgulu Maamoul<\/p>\n<p class=\"ql-direction-rtl\">1 adet 500 g&#8217;l\u0131k kakule aromal\u0131 al-Ajwa dolgulu Maamoul kutusu<\/p>\n<p class=\"ql-direction-rtl\">1 500g kutu \u015fekersiz Birr aromal\u0131 al-Ajwa dolgulu Maamoul<\/p>\n<p class=\"ql-direction-rtl\">1 500 g&#8217;l\u0131k kutu dar\u0131 ajwa dolgulu Maamoul<\/p>\n<p class=\"ql-direction-rtl\">\u00dcr\u00fcnlerin kayna\u011f\u0131: Medina \u00c7iftlikleri <\/p>\n","protected":false},"excerpt":{"rendered":"<h2 class=\"ql-align-center ql-direction-rtl text-center\"><span style=\"font-size: 11px;\"><strong>Bakkaj Al Tawfir &#8211; Al Ajwa Hurmas\u0131 ve Do\u011fal Aromalar Maamoul<\/strong><\/span><\/h2>\n","protected":false},"featured_media":47858,"template":"","meta":[],"product_brand":[],"product_cat":[1861],"product_tag":[2188,2208,2213,2218],"class_list":{"0":"post-53151","1":"product","2":"type-product","3":"status-publish","4":"has-post-thumbnail","6":"product_cat-medine-tarihleri","7":"product_tag-_-tr","8":"product_tag--tr","12":"first","13":"instock","14":"sale","15":"shipping-taxable","16":"purchasable","17":"product-type-simple"},"aioseo_notices":[],"_links":{"self":[{"href":"https:\/\/saudi-dates.com\/tr\/wp-json\/wp\/v2\/product\/53151","targetHints":{"allow":["GET"]}}],"collection":[{"href":"https:\/\/saudi-dates.com\/tr\/wp-json\/wp\/v2\/product"}],"about":[{"href":"https:\/\/saudi-dates.com\/tr\/wp-json\/wp\/v2\/types\/product"}],"version-history":[{"count":0,"href":"https:\/\/saudi-dates.com\/tr\/wp-json\/wp\/v2\/product\/53151\/revisions"}],"wp:featuredmedia":[{"embeddable":true,"href":"https:\/\/saudi-dates.com\/tr\/wp-json\/wp\/v2\/media\/47858"}],"wp:attachment":[{"href":"https:\/\/saudi-dates.com\/tr\/wp-json\/wp\/v2\/media?parent=53151"}],"wp:term":[{"taxonomy":"product_brand","embeddable":true,"href":"https:\/\/saudi-dates.com\/tr\/wp-json\/wp\/v2\/product_brand?post=53151"},{"taxonomy":"product_cat","embeddable":true,"href":"https:\/\/saudi-dates.com\/tr\/wp-json\/wp\/v2\/product_cat?post=53151"},{"taxonomy":"product_tag","embeddable":true,"href":"https:\/\/saudi-dates.com\/tr\/wp-json\/wp\/v2\/product_tag?post=53151"}],"curies":[{"name":"wp","href":"https:\/\/api.w.org\/{rel}","templated":true}]}}