{"id":53146,"date":"2025-02-19T19:34:24","date_gmt":"2025-02-19T16:34:24","guid":{"rendered":"https:\/\/saudi-dates.com\/product\/30-paket-omlet-atistirmalik\/"},"modified":"2025-02-19T19:34:24","modified_gmt":"2025-02-19T16:34:24","slug":"30-paket-omlet-atistirmalik","status":"publish","type":"product","link":"https:\/\/saudi-dates.com\/tr\/urun\/30-paket-omlet-atistirmalik\/","title":{"rendered":"30 paket Omlet At\u0131\u015ft\u0131rmal\u0131k"},"content":{"rendered":"<p>30 paket Omlet At\u0131\u015ft\u0131rmal\u0131k<\/p>\n<ul>\n<li class=\"ql-direction-rtl\" style=\"text-align: right;\"><strong>\u0130\u00e7indekiler:<\/strong> 100 hakiki Medine hurmas\u0131<\/li>\n<li class=\"ql-direction-rtl\" style=\"text-align: right;\"><strong>A\u011f\u0131rl\u0131k:<\/strong> Kullan\u0131m\u0131 kolay 30 paket<\/li>\n<li class=\"ql-direction-rtl\" style=\"text-align: right;\"><strong>Kullan\u0131m \u015fekli:<\/strong> \u0130\u015fte, okulda veya hareket halindeyken m\u00fckemmel at\u0131\u015ft\u0131rmal\u0131k <\/li>\n<li class=\"ql-direction-rtl\" style=\"text-align: right;\"><strong>Depolama:<\/strong> Lezzet ve kaliteyi korumak i\u00e7in serin ve kuru bir yerde <strong>saklay\u0131n<\/strong> <\/li>\n<li class=\"ql-direction-rtl\" style=\"text-align: right;\"><strong>Raf \u00f6mr\u00fc:<\/strong> \u00dcretim tarihinden itibaren 12 aya kadar taze<\/li>\n<li class=\"ql-direction-rtl\" style=\"text-align: right;\"><strong>Lezzet:<\/strong> Otantik hurma aromas\u0131, katk\u0131 maddesi i\u00e7ermeyen do\u011fal tatl\u0131l\u0131k <\/li>\n<\/ul>\n","protected":false},"excerpt":{"rendered":"<h3 class=\"ql-direction-rtl\"><span style=\"font-size: 12px;\"><strong>Ajwa Al Madina&#8217;dan m\u00fckemmel sa\u011fl\u0131kl\u0131 at\u0131\u015ft\u0131rmal\u0131\u011f\u0131n\u0131z &#8211; her pakette enerji, beslenme ve kolayl\u0131k! <\/strong><\/span><\/h3>\n","protected":false},"featured_media":47883,"template":"","meta":[],"product_brand":[],"product_cat":[1861],"product_tag":[2188,2213,2218],"class_list":{"0":"post-53146","1":"product","2":"type-product","3":"status-publish","4":"has-post-thumbnail","6":"product_cat-medine-tarihleri","7":"product_tag-_-tr","11":"first","12":"instock","13":"sale","14":"shipping-taxable","15":"purchasable","16":"product-type-simple"},"aioseo_notices":[],"_links":{"self":[{"href":"https:\/\/saudi-dates.com\/tr\/wp-json\/wp\/v2\/product\/53146","targetHints":{"allow":["GET"]}}],"collection":[{"href":"https:\/\/saudi-dates.com\/tr\/wp-json\/wp\/v2\/product"}],"about":[{"href":"https:\/\/saudi-dates.com\/tr\/wp-json\/wp\/v2\/types\/product"}],"version-history":[{"count":0,"href":"https:\/\/saudi-dates.com\/tr\/wp-json\/wp\/v2\/product\/53146\/revisions"}],"wp:featuredmedia":[{"embeddable":true,"href":"https:\/\/saudi-dates.com\/tr\/wp-json\/wp\/v2\/media\/47883"}],"wp:attachment":[{"href":"https:\/\/saudi-dates.com\/tr\/wp-json\/wp\/v2\/media?parent=53146"}],"wp:term":[{"taxonomy":"product_brand","embeddable":true,"href":"https:\/\/saudi-dates.com\/tr\/wp-json\/wp\/v2\/product_brand?post=53146"},{"taxonomy":"product_cat","embeddable":true,"href":"https:\/\/saudi-dates.com\/tr\/wp-json\/wp\/v2\/product_cat?post=53146"},{"taxonomy":"product_tag","embeddable":true,"href":"https:\/\/saudi-dates.com\/tr\/wp-json\/wp\/v2\/product_tag?post=53146"}],"curies":[{"name":"wp","href":"https:\/\/api.w.org\/{rel}","templated":true}]}}