{"id":53141,"date":"2025-02-19T19:34:24","date_gmt":"2025-02-19T16:34:24","guid":{"rendered":"https:\/\/saudi-dates.com\/product\/medina-organik-luks-hurma-1kg\/"},"modified":"2025-02-19T19:34:24","modified_gmt":"2025-02-19T16:34:24","slug":"medina-organik-luks-hurma-1kg","status":"publish","type":"product","link":"https:\/\/saudi-dates.com\/tr\/urun\/medina-organik-luks-hurma-1kg\/","title":{"rendered":"Medina Organik L\u00fcks Hurma 1kg"},"content":{"rendered":"<h3 class=\"ql-direction-rtl\" style=\"text-align: right;\"><strong>Medina Organik L\u00fcks Hurma 1kg<\/strong><\/h3>\n<h3 class=\"ql-direction-rtl\" style=\"text-align: right;\"><strong>Medine Acve Hurmas\u0131n\u0131n \u00d6zellikleri<\/strong><\/h3>\n<p class=\"ql-direction-rtl\" style=\"text-align: right;\"><strong>\u00dcr\u00fcn ad\u0131<\/strong> Premium Organik Omlet 1kg<\/p>\n<p class=\"ql-direction-rtl\" style=\"text-align: right;\"><strong>Marka<\/strong>: Elite Dates<\/p>\n<p class=\"ql-direction-rtl\" style=\"text-align: right;\"><strong>Renk<\/strong>: Siyah<\/p>\n<p class=\"ql-direction-rtl\" style=\"text-align: right;\"><strong>Boyut<\/strong> 1kg<\/p>\n<p class=\"ql-direction-rtl\" style=\"text-align: right;\"><strong>Tip<\/strong> Tarihler<\/p>\n<p class=\"ql-direction-rtl\" style=\"text-align: right;\"><strong>Kaynak<\/strong>: Medina \u00c7iftlikleri<\/p>\n<p class=\"ql-direction-rtl\" style=\"text-align: right;\"><strong>Kategori<\/strong>: Sertifikal\u0131 Organik<\/p>\n","protected":false},"excerpt":{"rendered":"<p><strong>Medine&#8217;nin kalbinde yeti\u015fen birinci s\u0131n\u0131f organik Medine Ajwa hurmalar\u0131n\u0131n faydalar\u0131ndan yararlan\u0131n <\/strong><\/p>\n","protected":false},"featured_media":47908,"template":"","meta":[],"product_brand":[],"product_cat":[1861],"product_tag":[2188,2130],"class_list":{"0":"post-53141","1":"product","2":"type-product","3":"status-publish","4":"has-post-thumbnail","6":"product_cat-medine-tarihleri","7":"product_tag-_-tr","8":"product_tag--tr","10":"first","11":"instock","12":"sale","13":"shipping-taxable","14":"purchasable","15":"product-type-simple"},"aioseo_notices":[],"_links":{"self":[{"href":"https:\/\/saudi-dates.com\/tr\/wp-json\/wp\/v2\/product\/53141","targetHints":{"allow":["GET"]}}],"collection":[{"href":"https:\/\/saudi-dates.com\/tr\/wp-json\/wp\/v2\/product"}],"about":[{"href":"https:\/\/saudi-dates.com\/tr\/wp-json\/wp\/v2\/types\/product"}],"version-history":[{"count":0,"href":"https:\/\/saudi-dates.com\/tr\/wp-json\/wp\/v2\/product\/53141\/revisions"}],"wp:featuredmedia":[{"embeddable":true,"href":"https:\/\/saudi-dates.com\/tr\/wp-json\/wp\/v2\/media\/47908"}],"wp:attachment":[{"href":"https:\/\/saudi-dates.com\/tr\/wp-json\/wp\/v2\/media?parent=53141"}],"wp:term":[{"taxonomy":"product_brand","embeddable":true,"href":"https:\/\/saudi-dates.com\/tr\/wp-json\/wp\/v2\/product_brand?post=53141"},{"taxonomy":"product_cat","embeddable":true,"href":"https:\/\/saudi-dates.com\/tr\/wp-json\/wp\/v2\/product_cat?post=53141"},{"taxonomy":"product_tag","embeddable":true,"href":"https:\/\/saudi-dates.com\/tr\/wp-json\/wp\/v2\/product_tag?post=53141"}],"curies":[{"name":"wp","href":"https:\/\/api.w.org\/{rel}","templated":true}]}}