{"id":53136,"date":"2025-02-19T19:34:24","date_gmt":"2025-02-19T16:34:24","guid":{"rendered":"https:\/\/saudi-dates.com\/product\/luks-organik-medine-ajwa-hurmasi-5kg\/"},"modified":"2025-02-19T19:34:24","modified_gmt":"2025-02-19T16:34:24","slug":"luks-organik-medine-ajwa-hurmasi-5kg","status":"publish","type":"product","link":"https:\/\/saudi-dates.com\/tr\/urun\/luks-organik-medine-ajwa-hurmasi-5kg\/","title":{"rendered":"L\u00fcks Organik Medine Ajwa Hurmas\u0131 5kg"},"content":{"rendered":"<h3 class=\"ql-direction-rtl\"><strong>L\u00fcks Organik Medine Ajwa Hurmas\u0131 5kg<\/strong><\/h3>\n<h3 class=\"ql-direction-rtl\"><strong>Teknik \u00d6zellikler<\/strong><\/h3>\n<p class=\"ql-direction-rtl\"><strong>\u00dcr\u00fcn ad\u0131: <\/strong>Premium Organik Omlet 5kg<\/p>\n<p class=\"ql-direction-rtl\"><strong>Marka:<\/strong> Elite Dates<\/p>\n<p class=\"ql-direction-rtl\"><strong>Renk:<\/strong> Siyah<\/p>\n<p class=\"ql-direction-rtl\"><strong>Boyut<\/strong> 5kg<\/p>\n<p class=\"ql-direction-rtl\"><strong>Tip<\/strong> Tarihler<\/p>\n<p class=\"ql-direction-rtl\"><strong>Kaynak:<\/strong> Medina \u00c7iftlikleri<\/p>\n","protected":false},"excerpt":{"rendered":"<p>Medine topraklar\u0131nda \u00f6zel bir \u00f6zenle yeti\u015ftirilen birinci s\u0131n\u0131f Medine Ajwa Hurmalar\u0131m\u0131z\u0131 sunmaktan gurur duyuyoruz<\/p>\n","protected":false},"featured_media":47933,"template":"","meta":[],"product_brand":[],"product_cat":[1861],"product_tag":[2188,2213],"class_list":{"0":"post-53136","1":"product","2":"type-product","3":"status-publish","4":"has-post-thumbnail","6":"product_cat-medine-tarihleri","7":"product_tag-_-tr","10":"first","11":"instock","12":"sale","13":"shipping-taxable","14":"purchasable","15":"product-type-simple"},"aioseo_notices":[],"_links":{"self":[{"href":"https:\/\/saudi-dates.com\/tr\/wp-json\/wp\/v2\/product\/53136","targetHints":{"allow":["GET"]}}],"collection":[{"href":"https:\/\/saudi-dates.com\/tr\/wp-json\/wp\/v2\/product"}],"about":[{"href":"https:\/\/saudi-dates.com\/tr\/wp-json\/wp\/v2\/types\/product"}],"version-history":[{"count":0,"href":"https:\/\/saudi-dates.com\/tr\/wp-json\/wp\/v2\/product\/53136\/revisions"}],"wp:featuredmedia":[{"embeddable":true,"href":"https:\/\/saudi-dates.com\/tr\/wp-json\/wp\/v2\/media\/47933"}],"wp:attachment":[{"href":"https:\/\/saudi-dates.com\/tr\/wp-json\/wp\/v2\/media?parent=53136"}],"wp:term":[{"taxonomy":"product_brand","embeddable":true,"href":"https:\/\/saudi-dates.com\/tr\/wp-json\/wp\/v2\/product_brand?post=53136"},{"taxonomy":"product_cat","embeddable":true,"href":"https:\/\/saudi-dates.com\/tr\/wp-json\/wp\/v2\/product_cat?post=53136"},{"taxonomy":"product_tag","embeddable":true,"href":"https:\/\/saudi-dates.com\/tr\/wp-json\/wp\/v2\/product_tag?post=53136"}],"curies":[{"name":"wp","href":"https:\/\/api.w.org\/{rel}","templated":true}]}}