{"id":53131,"date":"2025-02-19T19:34:24","date_gmt":"2025-02-19T16:34:24","guid":{"rendered":"https:\/\/saudi-dates.com\/product\/luks-organik-medine-ajwa-hurmasi-500g\/"},"modified":"2025-02-19T19:34:24","modified_gmt":"2025-02-19T16:34:24","slug":"luks-organik-medine-ajwa-hurmasi-500g","status":"publish","type":"product","link":"https:\/\/saudi-dates.com\/tr\/urun\/luks-organik-medine-ajwa-hurmasi-500g\/","title":{"rendered":"L\u00fcks Organik Medine Ajwa Hurmas\u0131 500g"},"content":{"rendered":"<h3 class=\"ql-direction-rtl\" style=\"text-align: right;\"><strong>L\u00fcks Organik Medine Ajwa Hurmas\u0131 500g  <\/strong><\/h3>\n<h3 class=\"ql-direction-rtl\" style=\"text-align: right;\"><strong>Teknik \u00d6zellikler<\/strong><\/h3>\n<p class=\"ql-direction-rtl\" style=\"text-align: right;\"><strong>\u00dcr\u00fcn Ad\u0131:<\/strong>L\u00fcks Organik Medine Hurmas\u0131 500g<\/p>\n<p class=\"ql-direction-rtl\" style=\"text-align: right;\"><strong>Marka:<\/strong> Elite Dates<\/p>\n<p class=\"ql-direction-rtl\" style=\"text-align: right;\"><strong>Renk:<\/strong> Siyah<\/p>\n<p class=\"ql-direction-rtl\" style=\"text-align: right;\"><strong>Boyut:<\/strong> Yar\u0131m kilo (500g)<\/p>\n<p class=\"ql-direction-rtl\" style=\"text-align: right;\"><strong>Tip<\/strong> Tarihler<\/p>\n<p class=\"ql-direction-rtl\" style=\"text-align: right;\"><strong>Kaynak:<\/strong> Medina \u00c7iftlikleri<\/p>\n","protected":false},"excerpt":{"rendered":"<p><strong>Medine Organik L\u00fcks Medine Ajwa Hurmas\u0131<\/strong><\/p>\n","protected":false},"featured_media":47958,"template":"","meta":[],"product_brand":[],"product_cat":[1861],"product_tag":[2193,2188],"class_list":{"0":"post-53131","1":"product","2":"type-product","3":"status-publish","4":"has-post-thumbnail","6":"product_cat-medine-tarihleri","7":"product_tag-_-tr","10":"first","11":"instock","12":"sale","13":"shipping-taxable","14":"purchasable","15":"product-type-simple"},"aioseo_notices":[],"_links":{"self":[{"href":"https:\/\/saudi-dates.com\/tr\/wp-json\/wp\/v2\/product\/53131","targetHints":{"allow":["GET"]}}],"collection":[{"href":"https:\/\/saudi-dates.com\/tr\/wp-json\/wp\/v2\/product"}],"about":[{"href":"https:\/\/saudi-dates.com\/tr\/wp-json\/wp\/v2\/types\/product"}],"version-history":[{"count":0,"href":"https:\/\/saudi-dates.com\/tr\/wp-json\/wp\/v2\/product\/53131\/revisions"}],"wp:featuredmedia":[{"embeddable":true,"href":"https:\/\/saudi-dates.com\/tr\/wp-json\/wp\/v2\/media\/47958"}],"wp:attachment":[{"href":"https:\/\/saudi-dates.com\/tr\/wp-json\/wp\/v2\/media?parent=53131"}],"wp:term":[{"taxonomy":"product_brand","embeddable":true,"href":"https:\/\/saudi-dates.com\/tr\/wp-json\/wp\/v2\/product_brand?post=53131"},{"taxonomy":"product_cat","embeddable":true,"href":"https:\/\/saudi-dates.com\/tr\/wp-json\/wp\/v2\/product_cat?post=53131"},{"taxonomy":"product_tag","embeddable":true,"href":"https:\/\/saudi-dates.com\/tr\/wp-json\/wp\/v2\/product_tag?post=53131"}],"curies":[{"name":"wp","href":"https:\/\/api.w.org\/{rel}","templated":true}]}}