{"id":53126,"date":"2025-02-19T19:34:24","date_gmt":"2025-02-19T16:34:24","guid":{"rendered":"https:\/\/saudi-dates.com\/product\/luks-organik-medine-ajwa-hurmasi-2-bucuk-kilo\/"},"modified":"2025-02-19T19:34:24","modified_gmt":"2025-02-19T16:34:24","slug":"luks-organik-medine-ajwa-hurmasi-2-bucuk-kilo","status":"publish","type":"product","link":"https:\/\/saudi-dates.com\/tr\/urun\/luks-organik-medine-ajwa-hurmasi-2-bucuk-kilo\/","title":{"rendered":"L\u00fcks Organik Medine Ajwa Hurmas\u0131 &#8211; 2 bu\u00e7uk kilo"},"content":{"rendered":"<h3 class=\"ql-direction-rtl\"><strong>L\u00fcks Organik Medine Ajwa Hurmas\u0131 &#8211; 2 bu\u00e7uk kilo<\/strong><\/h3>\n<h3 class=\"ql-direction-rtl\"><strong>Organik Medine Ajwa \u00d6zellikleri<\/strong><\/h3>\n<p class=\"ql-direction-rtl\"><strong>\u00dcr\u00fcn ad\u0131:<\/strong> L\u00fcks Organik Medine Acve Hurmas\u0131 (2 bu\u00e7uk kilo) 2500 gram<\/p>\n<p class=\"ql-direction-rtl\"><strong>Renk<\/strong>: Siyah<\/p>\n<p class=\"ql-direction-rtl\"><strong>Tip<\/strong> Organik Bu\u011fday<\/p>\n<p class=\"ql-direction-rtl\"><strong>Boyut<\/strong> 2.5kg<\/p>\n<p class=\"ql-direction-rtl\"><strong>\u0130\u00e7indekiler:<\/strong> Her biri 500g&#8217;l\u0131k be\u015f paket<\/p>\n<p class=\"ql-direction-rtl\"><strong>Kaynak<\/strong>: Medina \u00c7iftlikleri<\/p>\n","protected":false},"excerpt":{"rendered":"<p>Be\u015f paket halinde paketlenmi\u015ftir, her pakette 500g bulunur <\/p>\n","protected":false},"featured_media":47983,"template":"","meta":[],"product_brand":[],"product_cat":[1861],"product_tag":[2193,2188,2213],"class_list":{"0":"post-53126","1":"product","2":"type-product","3":"status-publish","4":"has-post-thumbnail","6":"product_cat-medine-tarihleri","7":"product_tag-_-tr","11":"first","12":"instock","13":"sale","14":"shipping-taxable","15":"purchasable","16":"product-type-simple"},"aioseo_notices":[],"_links":{"self":[{"href":"https:\/\/saudi-dates.com\/tr\/wp-json\/wp\/v2\/product\/53126","targetHints":{"allow":["GET"]}}],"collection":[{"href":"https:\/\/saudi-dates.com\/tr\/wp-json\/wp\/v2\/product"}],"about":[{"href":"https:\/\/saudi-dates.com\/tr\/wp-json\/wp\/v2\/types\/product"}],"version-history":[{"count":0,"href":"https:\/\/saudi-dates.com\/tr\/wp-json\/wp\/v2\/product\/53126\/revisions"}],"wp:featuredmedia":[{"embeddable":true,"href":"https:\/\/saudi-dates.com\/tr\/wp-json\/wp\/v2\/media\/47983"}],"wp:attachment":[{"href":"https:\/\/saudi-dates.com\/tr\/wp-json\/wp\/v2\/media?parent=53126"}],"wp:term":[{"taxonomy":"product_brand","embeddable":true,"href":"https:\/\/saudi-dates.com\/tr\/wp-json\/wp\/v2\/product_brand?post=53126"},{"taxonomy":"product_cat","embeddable":true,"href":"https:\/\/saudi-dates.com\/tr\/wp-json\/wp\/v2\/product_cat?post=53126"},{"taxonomy":"product_tag","embeddable":true,"href":"https:\/\/saudi-dates.com\/tr\/wp-json\/wp\/v2\/product_tag?post=53126"}],"curies":[{"name":"wp","href":"https:\/\/api.w.org\/{rel}","templated":true}]}}