{"id":53111,"date":"2025-02-19T19:34:24","date_gmt":"2025-02-19T16:34:24","guid":{"rendered":"https:\/\/saudi-dates.com\/product\/sade-medine-ojwa-paketi-7-adet\/"},"modified":"2025-02-19T19:34:24","modified_gmt":"2025-02-19T16:34:24","slug":"sade-medine-ojwa-paketi-7-adet","status":"publish","type":"product","link":"https:\/\/saudi-dates.com\/tr\/urun\/sade-medine-ojwa-paketi-7-adet\/","title":{"rendered":"Sade Medine Ojwa paketi 7 adet"},"content":{"rendered":"<h3 class=\"ql-direction-rtl\"><strong>Sade Medine Ojwa paketi 7 adet  <\/strong><\/h3>\n<h3 class=\"ql-direction-rtl\"><strong>\u00dcr\u00fcn \u00f6zellikleri<\/strong><\/h3>\n<p class=\"ql-direction-rtl\"><strong>\u00dcr\u00fcn ad\u0131:<\/strong> Sade Medine Ojwa &#8211; 7&#8217;li hurma paketi.<\/p>\n<p class=\"ql-direction-rtl\"><strong>Randevu say\u0131s\u0131:<\/strong> 7 tarih.<\/p>\n<p class=\"ql-direction-rtl\"><strong>Tarih rengi:<\/strong> Do\u011fal parlakl\u0131\u011fa sahip koyu siyah.<\/p>\n<p class=\"ql-direction-rtl\"><strong>Kalite:<\/strong> Birinci S\u0131n\u0131f ve Premium.<\/p>\n<p class=\"ql-direction-rtl\"><strong>Kaynak:<\/strong> Medina \u00c7iftlikleri.<\/p>\n<p class=\"ql-direction-rtl\"><strong>Ambalajlama<\/strong>: Lezzet ve tazeli\u011fi korumak i\u00e7in hava ge\u00e7irmez ambalaj.<\/p>\n<p class=\"ql-direction-rtl\"><strong>Kullan\u0131m<\/strong> \u015eekli: G\u00fcnl\u00fck at\u0131\u015ft\u0131rmal\u0131k olarak veya sofistike bir hediye olarak vermek i\u00e7in m\u00fckemmeldir.<\/p>\n","protected":false},"excerpt":{"rendered":"<p>\u00d6zg\u00fcnl\u00fc\u011f\u00fcn ve safl\u0131\u011f\u0131n sembol\u00fc olan Medine hurmas\u0131, zengin lezzeti ve miras de\u011feriyle en ay\u0131rt edici hurma t\u00fcrlerinden biridir  <\/p>\n","protected":false},"featured_media":48052,"template":"","meta":[],"product_brand":[],"product_cat":[1861],"product_tag":[2188,2130],"class_list":{"0":"post-53111","1":"product","2":"type-product","3":"status-publish","4":"has-post-thumbnail","6":"product_cat-medine-tarihleri","7":"product_tag-_-tr","8":"product_tag--tr","10":"first","11":"instock","12":"sale","13":"shipping-taxable","14":"purchasable","15":"product-type-simple"},"aioseo_notices":[],"_links":{"self":[{"href":"https:\/\/saudi-dates.com\/tr\/wp-json\/wp\/v2\/product\/53111","targetHints":{"allow":["GET"]}}],"collection":[{"href":"https:\/\/saudi-dates.com\/tr\/wp-json\/wp\/v2\/product"}],"about":[{"href":"https:\/\/saudi-dates.com\/tr\/wp-json\/wp\/v2\/types\/product"}],"version-history":[{"count":0,"href":"https:\/\/saudi-dates.com\/tr\/wp-json\/wp\/v2\/product\/53111\/revisions"}],"wp:featuredmedia":[{"embeddable":true,"href":"https:\/\/saudi-dates.com\/tr\/wp-json\/wp\/v2\/media\/48052"}],"wp:attachment":[{"href":"https:\/\/saudi-dates.com\/tr\/wp-json\/wp\/v2\/media?parent=53111"}],"wp:term":[{"taxonomy":"product_brand","embeddable":true,"href":"https:\/\/saudi-dates.com\/tr\/wp-json\/wp\/v2\/product_brand?post=53111"},{"taxonomy":"product_cat","embeddable":true,"href":"https:\/\/saudi-dates.com\/tr\/wp-json\/wp\/v2\/product_cat?post=53111"},{"taxonomy":"product_tag","embeddable":true,"href":"https:\/\/saudi-dates.com\/tr\/wp-json\/wp\/v2\/product_tag?post=53111"}],"curies":[{"name":"wp","href":"https:\/\/api.w.org\/{rel}","templated":true}]}}