{"id":53101,"date":"2025-02-19T19:34:24","date_gmt":"2025-02-19T16:34:24","guid":{"rendered":"https:\/\/saudi-dates.com\/product\/kakule-ve-safranli-medine-ojwa-paketi-7-adet\/"},"modified":"2025-02-19T19:34:24","modified_gmt":"2025-02-19T16:34:24","slug":"kakule-ve-safranli-medine-ojwa-paketi-7-adet","status":"publish","type":"product","link":"https:\/\/saudi-dates.com\/tr\/urun\/kakule-ve-safranli-medine-ojwa-paketi-7-adet\/","title":{"rendered":"Kakule ve Safranl\u0131 Medine Ojwa Paketi 7 adet"},"content":{"rendered":"<h3 class=\"ql-direction-rtl\" style=\"text-align: right;\"><strong>Kakule ve Safranl\u0131 Medine Ojwa Paketi 7 adet  <\/strong><\/h3>\n<h3 class=\"ql-direction-rtl\" style=\"text-align: right;\"><strong>Teknik \u00d6zellikler<\/strong><\/h3>\n<p class=\"ql-direction-rtl\" style=\"text-align: right;\"><strong>\u00dcr\u00fcn ad\u0131:<\/strong> Medine Ajwa Kakuleli ve Safranl\u0131 Hurma Paketi 7 adet<\/p>\n<p class=\"ql-direction-rtl\" style=\"text-align: right;\"><strong>\u00dcr\u00fcn\u00fcn a\u011f\u0131rl\u0131\u011f\u0131:<\/strong> 7 adet Medine Acve Hurmas\u0131<\/p>\n<p class=\"ql-direction-rtl\" style=\"text-align: right;\"><strong>\u00dcr\u00fcn say\u0131s\u0131:<\/strong> Deluxe Kakule ve Safran Paketi 7 adet<\/p>\n<p class=\"ql-direction-rtl\" style=\"text-align: right;\"><strong>Hurmalar\u0131n rengi:<\/strong> Koyu siyah<\/p>\n<p class=\"ql-direction-rtl\" style=\"text-align: right;\">Birinci ve Premium S\u0131n\u0131f<\/p>\n","protected":false},"excerpt":{"rendered":"<p>Medine Kakule &amp; Safran Ajwa paketi, do\u011fal Medine hurmas\u0131n\u0131n tatl\u0131l\u0131\u011f\u0131n\u0131 kakulenin aromatik lezzeti ve l\u00fcks safran dokunu\u015fuyla birle\u015ftiren farkl\u0131 bir lezzet sunar.<\/p>\n","protected":false},"featured_media":48090,"template":"","meta":[],"product_brand":[],"product_cat":[1861],"product_tag":[2188,2132],"class_list":{"0":"post-53101","1":"product","2":"type-product","3":"status-publish","4":"has-post-thumbnail","6":"product_cat-medine-tarihleri","7":"product_tag-_-tr","10":"first","11":"instock","12":"sale","13":"shipping-taxable","14":"purchasable","15":"product-type-simple"},"aioseo_notices":[],"_links":{"self":[{"href":"https:\/\/saudi-dates.com\/tr\/wp-json\/wp\/v2\/product\/53101","targetHints":{"allow":["GET"]}}],"collection":[{"href":"https:\/\/saudi-dates.com\/tr\/wp-json\/wp\/v2\/product"}],"about":[{"href":"https:\/\/saudi-dates.com\/tr\/wp-json\/wp\/v2\/types\/product"}],"version-history":[{"count":0,"href":"https:\/\/saudi-dates.com\/tr\/wp-json\/wp\/v2\/product\/53101\/revisions"}],"wp:featuredmedia":[{"embeddable":true,"href":"https:\/\/saudi-dates.com\/tr\/wp-json\/wp\/v2\/media\/48090"}],"wp:attachment":[{"href":"https:\/\/saudi-dates.com\/tr\/wp-json\/wp\/v2\/media?parent=53101"}],"wp:term":[{"taxonomy":"product_brand","embeddable":true,"href":"https:\/\/saudi-dates.com\/tr\/wp-json\/wp\/v2\/product_brand?post=53101"},{"taxonomy":"product_cat","embeddable":true,"href":"https:\/\/saudi-dates.com\/tr\/wp-json\/wp\/v2\/product_cat?post=53101"},{"taxonomy":"product_tag","embeddable":true,"href":"https:\/\/saudi-dates.com\/tr\/wp-json\/wp\/v2\/product_tag?post=53101"}],"curies":[{"name":"wp","href":"https:\/\/api.w.org\/{rel}","templated":true}]}}