{"id":53096,"date":"2025-02-19T19:34:24","date_gmt":"2025-02-19T16:34:24","guid":{"rendered":"https:\/\/saudi-dates.com\/product\/12li-paket-kakuleli-ve-safranli-medine-ajwa\/"},"modified":"2025-02-19T19:34:24","modified_gmt":"2025-02-19T16:34:24","slug":"12li-paket-kakuleli-ve-safranli-medine-ajwa","status":"publish","type":"product","link":"https:\/\/saudi-dates.com\/tr\/urun\/12li-paket-kakuleli-ve-safranli-medine-ajwa\/","title":{"rendered":"12&#8217;li paket kakuleli ve safranl\u0131 Medine Ajwa"},"content":{"rendered":"<h3 class=\"ql-direction-rtl\"><strong>12&#8217;li paket kakuleli ve safranl\u0131 Medine Ajwa<\/strong><\/h3>\n<h3 class=\"ql-direction-rtl\"><strong>Teknik \u00d6zellikler<\/strong><\/h3>\n<p class=\"ql-direction-rtl\"><strong>\u00dcr\u00fcn\u00fcn a\u011f\u0131rl\u0131\u011f\u0131<\/strong>: 12 paket i\u00e7erir, her paket 7 hurma i\u00e7erir<\/p>\n<p class=\"ql-direction-rtl\"><strong>\u00dcr\u00fcn say\u0131s\u0131<\/strong>: Kakule, safran ve f\u0131nd\u0131k i\u00e7eren 12 l\u00fcks paket<\/p>\n<p class=\"ql-direction-rtl\"><strong>Hurmalar\u0131n rengi<\/strong>: Koyu siyah<\/p>\n<p class=\"ql-direction-rtl\"><strong>Derece<\/strong>: Birinci ve l\u00fcks<\/p>\n","protected":false},"excerpt":{"rendered":"<h2 class=\"ql-direction-rtl ql-align-center text-center\"><span style=\"font-size: 13px;\"><strong>Kakule, safran ve f\u0131nd\u0131kl\u0131 Medine Ajwa ile l\u00fcks bir deneyim<\/strong><\/span><\/h2>\n","protected":false},"featured_media":48109,"template":"","meta":[],"product_brand":[],"product_cat":[1861],"product_tag":[2188,2132],"class_list":{"0":"post-53096","1":"product","2":"type-product","3":"status-publish","4":"has-post-thumbnail","6":"product_cat-medine-tarihleri","7":"product_tag-_-tr","10":"first","11":"instock","12":"sale","13":"shipping-taxable","14":"purchasable","15":"product-type-simple"},"aioseo_notices":[],"_links":{"self":[{"href":"https:\/\/saudi-dates.com\/tr\/wp-json\/wp\/v2\/product\/53096","targetHints":{"allow":["GET"]}}],"collection":[{"href":"https:\/\/saudi-dates.com\/tr\/wp-json\/wp\/v2\/product"}],"about":[{"href":"https:\/\/saudi-dates.com\/tr\/wp-json\/wp\/v2\/types\/product"}],"version-history":[{"count":0,"href":"https:\/\/saudi-dates.com\/tr\/wp-json\/wp\/v2\/product\/53096\/revisions"}],"wp:featuredmedia":[{"embeddable":true,"href":"https:\/\/saudi-dates.com\/tr\/wp-json\/wp\/v2\/media\/48109"}],"wp:attachment":[{"href":"https:\/\/saudi-dates.com\/tr\/wp-json\/wp\/v2\/media?parent=53096"}],"wp:term":[{"taxonomy":"product_brand","embeddable":true,"href":"https:\/\/saudi-dates.com\/tr\/wp-json\/wp\/v2\/product_brand?post=53096"},{"taxonomy":"product_cat","embeddable":true,"href":"https:\/\/saudi-dates.com\/tr\/wp-json\/wp\/v2\/product_cat?post=53096"},{"taxonomy":"product_tag","embeddable":true,"href":"https:\/\/saudi-dates.com\/tr\/wp-json\/wp\/v2\/product_tag?post=53096"}],"curies":[{"name":"wp","href":"https:\/\/api.w.org\/{rel}","templated":true}]}}