{"id":53091,"date":"2025-02-19T19:34:24","date_gmt":"2025-02-19T16:34:24","guid":{"rendered":"https:\/\/saudi-dates.com\/product\/ajwa-cerezler\/"},"modified":"2025-02-19T19:34:24","modified_gmt":"2025-02-19T16:34:24","slug":"ajwa-cerezler","status":"publish","type":"product","link":"https:\/\/saudi-dates.com\/tr\/urun\/ajwa-cerezler\/","title":{"rendered":"Ajwa \u00c7erezler"},"content":{"rendered":"<h3 class=\"ql-direction-rtl\"><strong>Yulafl\u0131 Kurabiye \u00d6zellikler:<\/strong><\/h3>\n<p class=\"ql-direction-rtl\"><strong>\u00dcr\u00fcn ad\u0131<\/strong> Ajwa Kurabiyeleri<\/p>\n<p class=\"ql-direction-rtl\"><strong>Marka:<\/strong> Elite Dates<\/p>\n<p class=\"ql-direction-rtl\"><strong>Tip<\/strong> Maamoul Omlet<\/p>\n<p class=\"ql-direction-rtl\"><strong>Boyut<\/strong> Orta boy<\/p>\n<p class=\"ql-direction-rtl\"><strong>A\u011f\u0131rl\u0131k<\/strong> 300 gram<\/p>\n","protected":false},"excerpt":{"rendered":"<p><strong>Elite Dates&#8217;in Alajwa Kurabiyeleri<\/strong> otantik lezzet ve kaliteyi sevenler i\u00e7in m\u00fckemmel bir se\u00e7im<\/p>\n","protected":false},"featured_media":48134,"template":"","meta":[],"product_brand":[],"product_cat":[1861],"product_tag":[2154,2203],"class_list":{"0":"post-53091","1":"product","2":"type-product","3":"status-publish","4":"has-post-thumbnail","6":"product_cat-medine-tarihleri","7":"product_tag--tr","8":"product_tag-_-tr","10":"first","11":"instock","12":"sale","13":"shipping-taxable","14":"purchasable","15":"product-type-simple"},"aioseo_notices":[],"_links":{"self":[{"href":"https:\/\/saudi-dates.com\/tr\/wp-json\/wp\/v2\/product\/53091","targetHints":{"allow":["GET"]}}],"collection":[{"href":"https:\/\/saudi-dates.com\/tr\/wp-json\/wp\/v2\/product"}],"about":[{"href":"https:\/\/saudi-dates.com\/tr\/wp-json\/wp\/v2\/types\/product"}],"version-history":[{"count":0,"href":"https:\/\/saudi-dates.com\/tr\/wp-json\/wp\/v2\/product\/53091\/revisions"}],"wp:featuredmedia":[{"embeddable":true,"href":"https:\/\/saudi-dates.com\/tr\/wp-json\/wp\/v2\/media\/48134"}],"wp:attachment":[{"href":"https:\/\/saudi-dates.com\/tr\/wp-json\/wp\/v2\/media?parent=53091"}],"wp:term":[{"taxonomy":"product_brand","embeddable":true,"href":"https:\/\/saudi-dates.com\/tr\/wp-json\/wp\/v2\/product_brand?post=53091"},{"taxonomy":"product_cat","embeddable":true,"href":"https:\/\/saudi-dates.com\/tr\/wp-json\/wp\/v2\/product_cat?post=53091"},{"taxonomy":"product_tag","embeddable":true,"href":"https:\/\/saudi-dates.com\/tr\/wp-json\/wp\/v2\/product_tag?post=53091"}],"curies":[{"name":"wp","href":"https:\/\/api.w.org\/{rel}","templated":true}]}}