{"id":53061,"date":"2025-02-19T19:34:25","date_gmt":"2025-02-19T16:34:25","guid":{"rendered":"https:\/\/saudi-dates.com\/product\/raheef-maamoul-al-ajwa\/"},"modified":"2025-02-19T19:34:25","modified_gmt":"2025-02-19T16:34:25","slug":"raheef-maamoul-al-ajwa","status":"publish","type":"product","link":"https:\/\/saudi-dates.com\/tr\/urun\/raheef-maamoul-al-ajwa\/","title":{"rendered":"Raheef Maamoul Al Ajwa"},"content":{"rendered":"<h3 class=\"ql-direction-rtl\"><strong>Raheef Maamoul Al Ajwa<\/strong><\/h3>\n<h3 class=\"ql-direction-rtl\"><strong>Rahayef Omlet \u00d6zellikleri<\/strong><\/h3>\n<p class=\"ql-direction-rtl\"><strong>\u00dcr\u00fcn ad\u0131: <\/strong>Rahayef Maamoul Al Ajwa<\/p>\n<p class=\"ql-direction-rtl\"><strong>Marka:<\/strong> Elite Dates<\/p>\n<p class=\"ql-direction-rtl\"><strong>Tip<\/strong> Maamoul Omlet<\/p>\n<p class=\"ql-direction-rtl\"><strong>Boyut<\/strong> B\u00fcy\u00fck Boy<\/p>\n<p class=\"ql-direction-rtl\"><strong>A\u011f\u0131rl\u0131k<\/strong> 300 gram<\/p>\n","protected":false},"excerpt":{"rendered":"<p>Rahayef Maamoul Al Ajwa otantik lezzetleri sevenler i\u00e7in m\u00fckemmel bir se\u00e7im<\/p>\n","protected":false},"featured_media":48159,"template":"","meta":[],"product_brand":[],"product_cat":[2310],"product_tag":[2154,2208],"class_list":{"0":"post-53061","1":"product","2":"type-product","3":"status-publish","4":"has-post-thumbnail","6":"product_cat-deyafa","7":"product_tag--tr","10":"first","11":"instock","12":"sale","13":"shipping-taxable","14":"purchasable","15":"product-type-simple"},"aioseo_notices":[],"_links":{"self":[{"href":"https:\/\/saudi-dates.com\/tr\/wp-json\/wp\/v2\/product\/53061","targetHints":{"allow":["GET"]}}],"collection":[{"href":"https:\/\/saudi-dates.com\/tr\/wp-json\/wp\/v2\/product"}],"about":[{"href":"https:\/\/saudi-dates.com\/tr\/wp-json\/wp\/v2\/types\/product"}],"version-history":[{"count":0,"href":"https:\/\/saudi-dates.com\/tr\/wp-json\/wp\/v2\/product\/53061\/revisions"}],"wp:featuredmedia":[{"embeddable":true,"href":"https:\/\/saudi-dates.com\/tr\/wp-json\/wp\/v2\/media\/48159"}],"wp:attachment":[{"href":"https:\/\/saudi-dates.com\/tr\/wp-json\/wp\/v2\/media?parent=53061"}],"wp:term":[{"taxonomy":"product_brand","embeddable":true,"href":"https:\/\/saudi-dates.com\/tr\/wp-json\/wp\/v2\/product_brand?post=53061"},{"taxonomy":"product_cat","embeddable":true,"href":"https:\/\/saudi-dates.com\/tr\/wp-json\/wp\/v2\/product_cat?post=53061"},{"taxonomy":"product_tag","embeddable":true,"href":"https:\/\/saudi-dates.com\/tr\/wp-json\/wp\/v2\/product_tag?post=53061"}],"curies":[{"name":"wp","href":"https:\/\/api.w.org\/{rel}","templated":true}]}}