{"id":53051,"date":"2025-02-19T19:34:25","date_gmt":"2025-02-19T16:34:25","guid":{"rendered":"https:\/\/saudi-dates.com\/product\/sekersiz-dari-yulaf-ezmesi-maamoula\/"},"modified":"2025-02-19T19:34:25","modified_gmt":"2025-02-19T16:34:25","slug":"sekersiz-dari-yulaf-ezmesi-maamoula","status":"publish","type":"product","link":"https:\/\/saudi-dates.com\/tr\/urun\/sekersiz-dari-yulaf-ezmesi-maamoula\/","title":{"rendered":"\u015eekersiz Dar\u0131 Yulaf Ezmesi Maamoula"},"content":{"rendered":"<h3 class=\"ql-direction-rtl\"><strong>\u015eekersiz Dar\u0131 Yulaf Ezmesi Maamoula  <\/strong><\/h3>\n<h3 class=\"ql-direction-rtl\"><strong>Maamoul Omlet \u00d6zellikleri<\/strong><\/h3>\n<p class=\"ql-direction-rtl\"><strong>\u00dcr\u00fcn ad\u0131<\/strong> Dar\u0131 ile Maamoul Al Ajwa<\/p>\n<p class=\"ql-direction-rtl\"><strong>Marka:<\/strong> Elite Dates<\/p>\n<p class=\"ql-direction-rtl\"><strong>Tip<\/strong> Maamoul Omlet<\/p>\n<p class=\"ql-direction-rtl\"><strong>Boyut<\/strong> Orta boy<\/p>\n<p class=\"ql-direction-rtl\"><strong>A\u011f\u0131rl\u0131k<\/strong> 500 gram<\/p>\n<p class=\"ql-direction-rtl\"><strong>Kullan\u0131m Alanlar\u0131:<\/strong> \u015eekersiz Dar\u0131 Ojwa Maamoul, lezzetli bir kahvalt\u0131, \u00f6\u011f\u00fcn aralar\u0131nda at\u0131\u015ft\u0131rmal\u0131k, g\u00fcnlerde de\u011ferli bir hediye, \u00e7ocuklar ve \u00e7al\u0131\u015fanlar i\u00e7in bir at\u0131\u015ft\u0131rmal\u0131k, \u00e7e\u015fitli tariflerde ek bir bile\u015fen ve aktif olmay\u0131 sevenler i\u00e7in uygun bir se\u00e7enek olarak kullan\u0131labilir.     <\/p>\n","protected":false},"excerpt":{"rendered":"<h2 class=\"ql-align-center ql-direction-rtl text-center\"><span style=\"font-size: 12px;\"><strong>\u015eekersiz dar\u0131 pudingi &#8211; her zaman i\u00e7in m\u00fckemmel at\u0131\u015ft\u0131rmal\u0131k<\/strong><\/span><\/h2>\n","protected":false},"featured_media":48209,"template":"","meta":[],"product_brand":[],"product_cat":[2310],"product_tag":[2188,2208],"class_list":{"0":"post-53051","1":"product","2":"type-product","3":"status-publish","4":"has-post-thumbnail","6":"product_cat-deyafa","7":"product_tag-_-tr","8":"product_tag--tr","10":"first","11":"instock","12":"shipping-taxable","13":"purchasable","14":"product-type-simple"},"aioseo_notices":[],"_links":{"self":[{"href":"https:\/\/saudi-dates.com\/tr\/wp-json\/wp\/v2\/product\/53051","targetHints":{"allow":["GET"]}}],"collection":[{"href":"https:\/\/saudi-dates.com\/tr\/wp-json\/wp\/v2\/product"}],"about":[{"href":"https:\/\/saudi-dates.com\/tr\/wp-json\/wp\/v2\/types\/product"}],"version-history":[{"count":0,"href":"https:\/\/saudi-dates.com\/tr\/wp-json\/wp\/v2\/product\/53051\/revisions"}],"wp:featuredmedia":[{"embeddable":true,"href":"https:\/\/saudi-dates.com\/tr\/wp-json\/wp\/v2\/media\/48209"}],"wp:attachment":[{"href":"https:\/\/saudi-dates.com\/tr\/wp-json\/wp\/v2\/media?parent=53051"}],"wp:term":[{"taxonomy":"product_brand","embeddable":true,"href":"https:\/\/saudi-dates.com\/tr\/wp-json\/wp\/v2\/product_brand?post=53051"},{"taxonomy":"product_cat","embeddable":true,"href":"https:\/\/saudi-dates.com\/tr\/wp-json\/wp\/v2\/product_cat?post=53051"},{"taxonomy":"product_tag","embeddable":true,"href":"https:\/\/saudi-dates.com\/tr\/wp-json\/wp\/v2\/product_tag?post=53051"}],"curies":[{"name":"wp","href":"https:\/\/api.w.org\/{rel}","templated":true}]}}