{"id":53046,"date":"2025-02-19T19:34:25","date_gmt":"2025-02-19T16:34:25","guid":{"rendered":"https:\/\/saudi-dates.com\/product\/unlu-ve-corekotlu-majmoul-al-ajwa-corekotu\/"},"modified":"2025-02-19T19:34:25","modified_gmt":"2025-02-19T16:34:25","slug":"unlu-ve-corekotlu-majmoul-al-ajwa-corekotu","status":"publish","type":"product","link":"https:\/\/saudi-dates.com\/tr\/urun\/unlu-ve-corekotlu-majmoul-al-ajwa-corekotu\/","title":{"rendered":"Unlu ve \u00c7\u00f6rekotlu Majmoul Al Ajwa \u00c7\u00f6rekotu"},"content":{"rendered":"<h3 class=\"ql-direction-rtl\"><strong>Unlu ve \u00c7\u00f6rekotlu Majmoul Al Ajwa \u00c7\u00f6rekotu<\/strong><\/h3>\n<h3 class=\"ql-direction-rtl\"><strong>Alajwa Maamoul Teknik \u00d6zellikler<\/strong><\/h3>\n<p class=\"ql-direction-rtl\"><strong>\u00dcr\u00fcn ad\u0131:<\/strong> Unlu ve \u00e7\u00f6rek otlu Maamoul Al Ajwa<\/p>\n<p class=\"ql-direction-rtl\"><strong>Marka:<\/strong> Elite Dates<\/p>\n<p class=\"ql-direction-rtl\"><strong>Tip<\/strong> Maamoul Omlet<\/p>\n<p class=\"ql-direction-rtl\"><strong>Boyut<\/strong> Orta boy<\/p>\n<p class=\"ql-direction-rtl\"><strong>A\u011f\u0131rl\u0131k <\/strong>500 gram<\/p>\n<p class=\"ql-direction-rtl\"><strong>Hedef kitle:<\/strong> T\u00fcm kategoriler<\/p>\n<p class=\"ql-direction-rtl\"><strong>B\u00f6l\u00fcm:<\/strong> Tarihler<\/p>\n<p class=\"ql-direction-rtl\">Unlu ve \u00c7\u00f6rekotlu Maamoul Al Ajwa harika bir kahvalt\u0131, lezzetli bir at\u0131\u015ft\u0131rmal\u0131k, arkada\u015flar ve akrabalar i\u00e7in l\u00fcks bir hediye ve gezginler i\u00e7in m\u00fckemmel bir se\u00e7imdir.   <\/p>\n","protected":false},"excerpt":{"rendered":"<h2 class=\"ql-direction-rtl ql-align-center\"><span style=\"font-size: 13px;\"><strong>Unlu ve \u00c7\u00f6rekotlu Majmoul Al Ajwa \u00c7\u00f6rekotu &#8211; enerji ve lezzet dolu \u00f6\u011f\u00fcnler i\u00e7in<\/strong><\/span><\/h2>\n","protected":false},"featured_media":48234,"template":"","meta":[],"product_brand":[],"product_cat":[2310],"product_tag":[2188,2208],"class_list":{"0":"post-53046","1":"product","2":"type-product","3":"status-publish","4":"has-post-thumbnail","6":"product_cat-deyafa","7":"product_tag-_-tr","8":"product_tag--tr","10":"first","11":"instock","12":"shipping-taxable","13":"purchasable","14":"product-type-simple"},"aioseo_notices":[],"_links":{"self":[{"href":"https:\/\/saudi-dates.com\/tr\/wp-json\/wp\/v2\/product\/53046","targetHints":{"allow":["GET"]}}],"collection":[{"href":"https:\/\/saudi-dates.com\/tr\/wp-json\/wp\/v2\/product"}],"about":[{"href":"https:\/\/saudi-dates.com\/tr\/wp-json\/wp\/v2\/types\/product"}],"version-history":[{"count":0,"href":"https:\/\/saudi-dates.com\/tr\/wp-json\/wp\/v2\/product\/53046\/revisions"}],"wp:featuredmedia":[{"embeddable":true,"href":"https:\/\/saudi-dates.com\/tr\/wp-json\/wp\/v2\/media\/48234"}],"wp:attachment":[{"href":"https:\/\/saudi-dates.com\/tr\/wp-json\/wp\/v2\/media?parent=53046"}],"wp:term":[{"taxonomy":"product_brand","embeddable":true,"href":"https:\/\/saudi-dates.com\/tr\/wp-json\/wp\/v2\/product_brand?post=53046"},{"taxonomy":"product_cat","embeddable":true,"href":"https:\/\/saudi-dates.com\/tr\/wp-json\/wp\/v2\/product_cat?post=53046"},{"taxonomy":"product_tag","embeddable":true,"href":"https:\/\/saudi-dates.com\/tr\/wp-json\/wp\/v2\/product_tag?post=53046"}],"curies":[{"name":"wp","href":"https:\/\/api.w.org\/{rel}","templated":true}]}}