{"id":53041,"date":"2025-02-19T19:34:25","date_gmt":"2025-02-19T16:34:25","guid":{"rendered":"https:\/\/saudi-dates.com\/product\/kakuleli-yulafli-maamoul\/"},"modified":"2025-02-19T19:34:25","modified_gmt":"2025-02-19T16:34:25","slug":"kakuleli-yulafli-maamoul","status":"publish","type":"product","link":"https:\/\/saudi-dates.com\/tr\/urun\/kakuleli-yulafli-maamoul\/","title":{"rendered":"Kakuleli Yulafl\u0131 Maamoul"},"content":{"rendered":"<h3 class=\"ql-direction-rtl\"><strong>Kakuleli Yulafl\u0131 Maamoul  <\/strong><\/h3>\n<h3 class=\"ql-direction-rtl\"><strong>Teknik \u00d6zellikler<\/strong><\/h3>\n<p class=\"ql-direction-rtl\"><strong>\u00dcr\u00fcn ad\u0131<\/strong> Maamoul Al Madinah Kakule<\/p>\n<p class=\"ql-direction-rtl\"><strong>Marka<\/strong>: Elite Dates<\/p>\n<p class=\"ql-direction-rtl\"><strong>A\u011f\u0131rl\u0131k<\/strong> 500 gram<\/p>\n<p class=\"ql-direction-rtl\"><strong>Tip<\/strong>: Kakulenin aromatik lezzeti ile kar\u0131\u015ft\u0131r\u0131lm\u0131\u015f Medine Agwa dolgulu Maamoul<\/p>\n<p class=\"ql-direction-rtl\"><strong>Kullan\u0131m Alanlar\u0131<\/strong>: Davetlerde a\u011f\u0131rlama, yemek aralar\u0131nda at\u0131\u015ft\u0131rmal\u0131klar, tatl\u0131lara uygun bir alternatif, bayramlar ve \u00f6zel g\u00fcnler i\u00e7in idealdir.<\/p>\n","protected":false},"excerpt":{"rendered":"<h2 class=\"ql-direction-rtl ql-align-center\"><span style=\"font-size: 13px;\"><strong>Al Ajwa Cardamom Maamoul &#8211; \u015fehrin birinci s\u0131n\u0131f hurmalar\u0131n\u0131 sevenler i\u00e7in m\u00fckemmel bir se\u00e7im<\/strong><\/span><\/h2>\n","protected":false},"featured_media":48259,"template":"","meta":[],"product_brand":[],"product_cat":[2310],"product_tag":[2208],"class_list":{"0":"post-53041","1":"product","2":"type-product","3":"status-publish","4":"has-post-thumbnail","6":"product_cat-deyafa","7":"product_tag--tr","9":"first","10":"instock","11":"shipping-taxable","12":"purchasable","13":"product-type-simple"},"aioseo_notices":[],"_links":{"self":[{"href":"https:\/\/saudi-dates.com\/tr\/wp-json\/wp\/v2\/product\/53041","targetHints":{"allow":["GET"]}}],"collection":[{"href":"https:\/\/saudi-dates.com\/tr\/wp-json\/wp\/v2\/product"}],"about":[{"href":"https:\/\/saudi-dates.com\/tr\/wp-json\/wp\/v2\/types\/product"}],"version-history":[{"count":0,"href":"https:\/\/saudi-dates.com\/tr\/wp-json\/wp\/v2\/product\/53041\/revisions"}],"wp:featuredmedia":[{"embeddable":true,"href":"https:\/\/saudi-dates.com\/tr\/wp-json\/wp\/v2\/media\/48259"}],"wp:attachment":[{"href":"https:\/\/saudi-dates.com\/tr\/wp-json\/wp\/v2\/media?parent=53041"}],"wp:term":[{"taxonomy":"product_brand","embeddable":true,"href":"https:\/\/saudi-dates.com\/tr\/wp-json\/wp\/v2\/product_brand?post=53041"},{"taxonomy":"product_cat","embeddable":true,"href":"https:\/\/saudi-dates.com\/tr\/wp-json\/wp\/v2\/product_cat?post=53041"},{"taxonomy":"product_tag","embeddable":true,"href":"https:\/\/saudi-dates.com\/tr\/wp-json\/wp\/v2\/product_tag?post=53041"}],"curies":[{"name":"wp","href":"https:\/\/api.w.org\/{rel}","templated":true}]}}