{"id":53036,"date":"2025-02-19T19:34:25","date_gmt":"2025-02-19T16:34:25","guid":{"rendered":"https:\/\/saudi-dates.com\/product\/tahinli-susamli-tamariya\/"},"modified":"2025-02-19T19:34:25","modified_gmt":"2025-02-19T16:34:25","slug":"tahinli-susamli-tamariya","status":"publish","type":"product","link":"https:\/\/saudi-dates.com\/tr\/urun\/tahinli-susamli-tamariya\/","title":{"rendered":"Tahinli Susaml\u0131 Tamariya"},"content":{"rendered":"<h3 class=\"ql-direction-rtl\"><strong>Tahinli Susaml\u0131 Tamariya  <\/strong><\/h3>\n<h3 class=\"ql-direction-rtl\"><strong>Teknik \u00d6zellikler<\/strong><\/h3>\n<p class=\"ql-direction-rtl\"><strong>\u00dcr\u00fcn ad\u0131<\/strong> Tahin Susam Tamariya<\/p>\n<p class=\"ql-direction-rtl\"><strong>Tip<\/strong> Susaml\u0131 Hurma<\/p>\n<p class=\"ql-direction-rtl\"><strong>Marka:<\/strong> Elite Dates<\/p>\n<p class=\"ql-direction-rtl\"><strong>Boyut<\/strong> Orta boy<\/p>\n<p class=\"ql-direction-rtl\"><strong>A\u011f\u0131rl\u0131k<\/strong> 500 gram<\/p>\n<p class=\"ql-direction-rtl\"><strong>Hedef kitle:<\/strong> T\u00fcm kategoriler<\/p>\n<p class=\"ql-direction-rtl\"><strong>B\u00f6l\u00fcm:<\/strong> Tarihler<\/p>\n<p class=\"ql-direction-rtl\">Her zaman at\u0131\u015ft\u0131rmal\u0131k, yemek sonras\u0131 lezzetli bir tatl\u0131, etkinlikler i\u00e7in l\u00fcks bir hediye ve misafirperverlik toplant\u0131lar\u0131 i\u00e7in m\u00fckemmeldir.   <\/p>\n","protected":false},"excerpt":{"rendered":"<h2 class=\"ql-align-center ql-direction-rtl text-center\"><span style=\"font-size: 13px;\"><strong>Susaml\u0131 Tahinli Tamariya &#8211; her lokmada otantik bir Arap lezzeti<\/strong><\/span><\/h2>\n","protected":false},"featured_media":48278,"template":"","meta":[],"product_brand":[],"product_cat":[2310],"product_tag":[2203],"class_list":{"0":"post-53036","1":"product","2":"type-product","3":"status-publish","4":"has-post-thumbnail","6":"product_cat-deyafa","7":"product_tag-_-tr","9":"first","10":"instock","11":"shipping-taxable","12":"purchasable","13":"product-type-simple"},"aioseo_notices":[],"_links":{"self":[{"href":"https:\/\/saudi-dates.com\/tr\/wp-json\/wp\/v2\/product\/53036","targetHints":{"allow":["GET"]}}],"collection":[{"href":"https:\/\/saudi-dates.com\/tr\/wp-json\/wp\/v2\/product"}],"about":[{"href":"https:\/\/saudi-dates.com\/tr\/wp-json\/wp\/v2\/types\/product"}],"version-history":[{"count":0,"href":"https:\/\/saudi-dates.com\/tr\/wp-json\/wp\/v2\/product\/53036\/revisions"}],"wp:featuredmedia":[{"embeddable":true,"href":"https:\/\/saudi-dates.com\/tr\/wp-json\/wp\/v2\/media\/48278"}],"wp:attachment":[{"href":"https:\/\/saudi-dates.com\/tr\/wp-json\/wp\/v2\/media?parent=53036"}],"wp:term":[{"taxonomy":"product_brand","embeddable":true,"href":"https:\/\/saudi-dates.com\/tr\/wp-json\/wp\/v2\/product_brand?post=53036"},{"taxonomy":"product_cat","embeddable":true,"href":"https:\/\/saudi-dates.com\/tr\/wp-json\/wp\/v2\/product_cat?post=53036"},{"taxonomy":"product_tag","embeddable":true,"href":"https:\/\/saudi-dates.com\/tr\/wp-json\/wp\/v2\/product_tag?post=53036"}],"curies":[{"name":"wp","href":"https:\/\/api.w.org\/{rel}","templated":true}]}}