{"id":52982,"date":"2025-02-19T19:42:09","date_gmt":"2025-02-19T16:42:09","guid":{"rendered":"https:\/\/saudi-dates.com\/product\/safawi-hurmasi-1000g\/"},"modified":"2025-02-19T19:42:09","modified_gmt":"2025-02-19T16:42:09","slug":"safawi-hurmasi-1000g","status":"publish","type":"product","link":"https:\/\/saudi-dates.com\/tr\/urun\/safawi-hurmasi-1000g\/","title":{"rendered":"Safawi Hurmas\u0131 1000g"},"content":{"rendered":"","protected":false},"excerpt":{"rendered":"<p>Safavi hurmas\u0131 koyu siyah rengi, uzun \u015fekli ve orta b\u00fcy\u00fckl\u00fc\u011f\u00fc ile karakterize edilir ve yumu\u015fakl\u0131k ve tat bak\u0131m\u0131ndan el-Ajwa&#8217;ya yak\u0131nd\u0131r ve en iyi ve en yararl\u0131 hurma t\u00fcrlerinden biri olarak kabul edilir.<\/p>\n","protected":false},"featured_media":47639,"template":"","meta":[],"product_brand":[],"product_cat":[1855],"product_tag":[2148],"class_list":{"0":"post-52982","1":"product","2":"type-product","3":"status-publish","4":"has-post-thumbnail","6":"product_cat-safevi","7":"product_tag-_-tr","9":"first","10":"instock","11":"shipping-taxable","12":"purchasable","13":"product-type-simple"},"aioseo_notices":[],"_links":{"self":[{"href":"https:\/\/saudi-dates.com\/tr\/wp-json\/wp\/v2\/product\/52982","targetHints":{"allow":["GET"]}}],"collection":[{"href":"https:\/\/saudi-dates.com\/tr\/wp-json\/wp\/v2\/product"}],"about":[{"href":"https:\/\/saudi-dates.com\/tr\/wp-json\/wp\/v2\/types\/product"}],"version-history":[{"count":0,"href":"https:\/\/saudi-dates.com\/tr\/wp-json\/wp\/v2\/product\/52982\/revisions"}],"wp:featuredmedia":[{"embeddable":true,"href":"https:\/\/saudi-dates.com\/tr\/wp-json\/wp\/v2\/media\/47639"}],"wp:attachment":[{"href":"https:\/\/saudi-dates.com\/tr\/wp-json\/wp\/v2\/media?parent=52982"}],"wp:term":[{"taxonomy":"product_brand","embeddable":true,"href":"https:\/\/saudi-dates.com\/tr\/wp-json\/wp\/v2\/product_brand?post=52982"},{"taxonomy":"product_cat","embeddable":true,"href":"https:\/\/saudi-dates.com\/tr\/wp-json\/wp\/v2\/product_cat?post=52982"},{"taxonomy":"product_tag","embeddable":true,"href":"https:\/\/saudi-dates.com\/tr\/wp-json\/wp\/v2\/product_tag?post=52982"}],"curies":[{"name":"wp","href":"https:\/\/api.w.org\/{rel}","templated":true}]}}