{"id":52956,"date":"2025-02-19T19:42:08","date_gmt":"2025-02-19T16:42:08","guid":{"rendered":"https:\/\/saudi-dates.com\/product\/kehribar-hurma-800g\/"},"modified":"2025-02-19T19:42:08","modified_gmt":"2025-02-19T16:42:08","slug":"kehribar-hurma-800g","status":"publish","type":"product","link":"https:\/\/saudi-dates.com\/tr\/urun\/kehribar-hurma-800g\/","title":{"rendered":"Kehribar Hurma 800g"},"content":{"rendered":"","protected":false},"excerpt":{"rendered":"<article class=\"article article--main article--product-details mb-50 \">Anabra hurmas\u0131 Krall\u0131ktaki en iyi hurma t\u00fcrlerinden biridir ve dikd\u00f6rtgen \u015fekli, k\u0131rm\u0131z\u0131 rengi, b\u00fcy\u00fck boyutu ile karakterize edilir ve bir\u00e7ok vitamin i\u00e7erir.<\/article>\n","protected":false},"featured_media":47423,"template":"","meta":[],"product_brand":[],"product_cat":[],"product_tag":[2198],"class_list":{"0":"post-52956","1":"product","2":"type-product","3":"status-publish","4":"has-post-thumbnail","6":"product_tag-_-tr","8":"first","9":"instock","10":"shipping-taxable","11":"purchasable","12":"product-type-simple"},"aioseo_notices":[],"_links":{"self":[{"href":"https:\/\/saudi-dates.com\/tr\/wp-json\/wp\/v2\/product\/52956","targetHints":{"allow":["GET"]}}],"collection":[{"href":"https:\/\/saudi-dates.com\/tr\/wp-json\/wp\/v2\/product"}],"about":[{"href":"https:\/\/saudi-dates.com\/tr\/wp-json\/wp\/v2\/types\/product"}],"version-history":[{"count":0,"href":"https:\/\/saudi-dates.com\/tr\/wp-json\/wp\/v2\/product\/52956\/revisions"}],"wp:featuredmedia":[{"embeddable":true,"href":"https:\/\/saudi-dates.com\/tr\/wp-json\/wp\/v2\/media\/47423"}],"wp:attachment":[{"href":"https:\/\/saudi-dates.com\/tr\/wp-json\/wp\/v2\/media?parent=52956"}],"wp:term":[{"taxonomy":"product_brand","embeddable":true,"href":"https:\/\/saudi-dates.com\/tr\/wp-json\/wp\/v2\/product_brand?post=52956"},{"taxonomy":"product_cat","embeddable":true,"href":"https:\/\/saudi-dates.com\/tr\/wp-json\/wp\/v2\/product_cat?post=52956"},{"taxonomy":"product_tag","embeddable":true,"href":"https:\/\/saudi-dates.com\/tr\/wp-json\/wp\/v2\/product_tag?post=52956"}],"curies":[{"name":"wp","href":"https:\/\/api.w.org\/{rel}","templated":true}]}}