{"id":52950,"date":"2025-02-19T19:42:08","date_gmt":"2025-02-19T16:42:08","guid":{"rendered":"https:\/\/saudi-dates.com\/product\/islatilmis-hurma-500g\/"},"modified":"2025-02-19T19:42:08","modified_gmt":"2025-02-19T16:42:08","slug":"islatilmis-hurma-500g","status":"publish","type":"product","link":"https:\/\/saudi-dates.com\/tr\/urun\/islatilmis-hurma-500g\/","title":{"rendered":"\u0131slat\u0131lm\u0131\u015f hurma 500g"},"content":{"rendered":"<p>Al Saqi&#8217;i hurmalar\u0131 iki rengiyle \u00fcnl\u00fcd\u00fcr; ba\u015flang\u0131\u00e7ta a\u00e7\u0131k alt\u0131n renginde ve hafif kuruyken, g\u00f6vdenin geri kalan\u0131 kahverengi, yumu\u015fak ve tek kelimeyle lezzetlidir.    <\/p>\n","protected":false},"excerpt":{"rendered":"<p>Sakkah hurmalar\u0131 birinci s\u0131n\u0131f korumal\u0131 ka\u011f\u0131t kutularda paketlenmi\u015ftir, b\u00f6ylece her zaman taze gelirler <\/p>\n<p>&nbsp;<\/p>\n","protected":false},"featured_media":47430,"template":"","meta":[],"product_brand":[],"product_cat":[1865],"product_tag":[2146],"class_list":{"0":"post-52950","1":"product","2":"type-product","3":"status-publish","4":"has-post-thumbnail","6":"product_cat-el-sagai","7":"product_tag-_-tr","9":"first","10":"instock","11":"shipping-taxable","12":"purchasable","13":"product-type-simple"},"aioseo_notices":[],"_links":{"self":[{"href":"https:\/\/saudi-dates.com\/tr\/wp-json\/wp\/v2\/product\/52950","targetHints":{"allow":["GET"]}}],"collection":[{"href":"https:\/\/saudi-dates.com\/tr\/wp-json\/wp\/v2\/product"}],"about":[{"href":"https:\/\/saudi-dates.com\/tr\/wp-json\/wp\/v2\/types\/product"}],"version-history":[{"count":0,"href":"https:\/\/saudi-dates.com\/tr\/wp-json\/wp\/v2\/product\/52950\/revisions"}],"wp:featuredmedia":[{"embeddable":true,"href":"https:\/\/saudi-dates.com\/tr\/wp-json\/wp\/v2\/media\/47430"}],"wp:attachment":[{"href":"https:\/\/saudi-dates.com\/tr\/wp-json\/wp\/v2\/media?parent=52950"}],"wp:term":[{"taxonomy":"product_brand","embeddable":true,"href":"https:\/\/saudi-dates.com\/tr\/wp-json\/wp\/v2\/product_brand?post=52950"},{"taxonomy":"product_cat","embeddable":true,"href":"https:\/\/saudi-dates.com\/tr\/wp-json\/wp\/v2\/product_cat?post=52950"},{"taxonomy":"product_tag","embeddable":true,"href":"https:\/\/saudi-dates.com\/tr\/wp-json\/wp\/v2\/product_tag?post=52950"}],"curies":[{"name":"wp","href":"https:\/\/api.w.org\/{rel}","templated":true}]}}