{"id":52912,"date":"2025-02-19T19:42:08","date_gmt":"2025-02-19T16:42:08","guid":{"rendered":"https:\/\/saudi-dates.com\/product\/medina-ojwa-500g\/"},"modified":"2025-02-19T19:42:08","modified_gmt":"2025-02-19T16:42:08","slug":"medina-ojwa-500g","status":"publish","type":"product","link":"https:\/\/saudi-dates.com\/tr\/urun\/medina-ojwa-500g\/","title":{"rendered":"Medina Ojwa 500g"},"content":{"rendered":"<p>Yuvarlak \u015fekli, siyah rengi ve kendine \u00f6zg\u00fc tad\u0131yla karakterize edilen Medine Acve hurmas\u0131, hac\u0131lar\u0131n Hac mevsiminde Medine&#8217;ye ak\u0131n etti\u011fi en iyi hurma t\u00fcrleri aras\u0131ndad\u0131r. <\/p>\n<p>&nbsp;<\/p>\n","protected":false},"excerpt":{"rendered":"<p>Ojwa karbonhidrat ve vitamin bak\u0131m\u0131ndan zengin olmas\u0131n\u0131n yan\u0131 s\u0131ra kalsiyum ve magnezyum da i\u00e7erir.<\/p>\n","protected":false},"featured_media":47520,"template":"","meta":[],"product_brand":[],"product_cat":[],"product_tag":[2188],"class_list":{"0":"post-52912","1":"product","2":"type-product","3":"status-publish","4":"has-post-thumbnail","6":"product_tag-_-tr","8":"first","9":"instock","10":"shipping-taxable","11":"purchasable","12":"product-type-simple"},"aioseo_notices":[],"_links":{"self":[{"href":"https:\/\/saudi-dates.com\/tr\/wp-json\/wp\/v2\/product\/52912","targetHints":{"allow":["GET"]}}],"collection":[{"href":"https:\/\/saudi-dates.com\/tr\/wp-json\/wp\/v2\/product"}],"about":[{"href":"https:\/\/saudi-dates.com\/tr\/wp-json\/wp\/v2\/types\/product"}],"version-history":[{"count":0,"href":"https:\/\/saudi-dates.com\/tr\/wp-json\/wp\/v2\/product\/52912\/revisions"}],"wp:featuredmedia":[{"embeddable":true,"href":"https:\/\/saudi-dates.com\/tr\/wp-json\/wp\/v2\/media\/47520"}],"wp:attachment":[{"href":"https:\/\/saudi-dates.com\/tr\/wp-json\/wp\/v2\/media?parent=52912"}],"wp:term":[{"taxonomy":"product_brand","embeddable":true,"href":"https:\/\/saudi-dates.com\/tr\/wp-json\/wp\/v2\/product_brand?post=52912"},{"taxonomy":"product_cat","embeddable":true,"href":"https:\/\/saudi-dates.com\/tr\/wp-json\/wp\/v2\/product_cat?post=52912"},{"taxonomy":"product_tag","embeddable":true,"href":"https:\/\/saudi-dates.com\/tr\/wp-json\/wp\/v2\/product_tag?post=52912"}],"curies":[{"name":"wp","href":"https:\/\/api.w.org\/{rel}","templated":true}]}}