{"id":52841,"date":"2025-02-19T20:51:28","date_gmt":"2025-02-19T17:51:28","guid":{"rendered":"https:\/\/saudi-dates.com\/product\/karisik-hurmali-sade-ve-mahsi-yemegi-2\/"},"modified":"2025-02-19T20:51:28","modified_gmt":"2025-02-19T17:51:28","slug":"karisik-hurmali-sade-ve-mahsi-yemegi-2","status":"publish","type":"product","link":"https:\/\/saudi-dates.com\/tr\/urun\/karisik-hurmali-sade-ve-mahsi-yemegi-2\/","title":{"rendered":"Kar\u0131\u015f\u0131k Hurmal\u0131 Sade ve Mah\u015fi Yeme\u011fi"},"content":{"rendered":"<p>Kar\u0131\u015f\u0131k Hurmal\u0131 Sade ve Mah\u015fi Yeme\u011fi<\/p>\n<p>Zengin tatlar ve homojen besleyici i\u00e7eriklerin m\u00fckemmel birle\u015fimi olan bu hurma dolmas\u0131, beslenme iste\u011finizi tatmin etmek ve zaman\u0131n\u0131za lezzetli bir dokunu\u015f katmak i\u00e7in m\u00fckemmel bir se\u00e7imdir. <\/p>\n<p>&nbsp;<\/p>\n<p><strong>Besin de\u011feri:<\/strong><\/p>\n<ul>\n<li class=\"ql-indent-1\">Hurma zengin bir vitamin ve mineral kayna\u011f\u0131d\u0131r, dolgular ve f\u0131nd\u0131k ise protein, sa\u011fl\u0131kl\u0131 ya\u011flar ve lif ekler.  <\/li>\n<\/ul>\n<p><strong>Do\u011fal i\u00e7erikler:<\/strong><\/p>\n<ul>\n<li class=\"ql-indent-1\">Bu hurmalar sadece do\u011fal ve sa\u011fl\u0131kl\u0131 i\u00e7eriklerle doludur, hi\u00e7bir koruyucu madde eklenmemi\u015ftir <\/li>\n<\/ul>\n<p><strong>T\u00fcm zamanlar i\u00e7in uygundur:<\/strong><\/p>\n<ul>\n<li class=\"ql-indent-1\">Bu hurmalar, sa\u011fl\u0131kl\u0131 bir at\u0131\u015ft\u0131rmal\u0131k olarak veya g\u00fcn i\u00e7inde enerjinizi y\u00fckseltmek i\u00e7in bir enerji at\u0131\u015ft\u0131rmal\u0131\u011f\u0131 olarak yemek i\u00e7in ideal bir se\u00e7imdir.<\/li>\n<\/ul>\n","protected":false},"excerpt":{"rendered":"<p><strong>Aromal\u0131 hurma dolmas\u0131 \u00e7e\u015fitlerimizle benzersiz ve farkl\u0131 bir deneyimin tad\u0131n\u0131 \u00e7\u0131kar\u0131n ve her \u00f6\u011f\u00fcnde y\u00fcksek besin de\u011ferlerinin avantajlar\u0131ndan yararlan\u0131n! <\/strong><\/p>\n<p>&nbsp;<\/p>\n","protected":false},"featured_media":46054,"template":"","meta":[],"product_brand":[],"product_cat":[1844],"product_tag":[2130,2173],"class_list":{"0":"post-52841","1":"product","2":"type-product","3":"status-publish","4":"has-post-thumbnail","6":"product_cat-diyabet","7":"product_tag--tr","10":"first","11":"instock","12":"sold-individually","13":"shipping-taxable","14":"purchasable","15":"product-type-variable"},"aioseo_notices":[],"_links":{"self":[{"href":"https:\/\/saudi-dates.com\/tr\/wp-json\/wp\/v2\/product\/52841","targetHints":{"allow":["GET"]}}],"collection":[{"href":"https:\/\/saudi-dates.com\/tr\/wp-json\/wp\/v2\/product"}],"about":[{"href":"https:\/\/saudi-dates.com\/tr\/wp-json\/wp\/v2\/types\/product"}],"version-history":[{"count":0,"href":"https:\/\/saudi-dates.com\/tr\/wp-json\/wp\/v2\/product\/52841\/revisions"}],"wp:featuredmedia":[{"embeddable":true,"href":"https:\/\/saudi-dates.com\/tr\/wp-json\/wp\/v2\/media\/46054"}],"wp:attachment":[{"href":"https:\/\/saudi-dates.com\/tr\/wp-json\/wp\/v2\/media?parent=52841"}],"wp:term":[{"taxonomy":"product_brand","embeddable":true,"href":"https:\/\/saudi-dates.com\/tr\/wp-json\/wp\/v2\/product_brand?post=52841"},{"taxonomy":"product_cat","embeddable":true,"href":"https:\/\/saudi-dates.com\/tr\/wp-json\/wp\/v2\/product_cat?post=52841"},{"taxonomy":"product_tag","embeddable":true,"href":"https:\/\/saudi-dates.com\/tr\/wp-json\/wp\/v2\/product_tag?post=52841"}],"curies":[{"name":"wp","href":"https:\/\/api.w.org\/{rel}","templated":true}]}}