{"id":52796,"date":"2025-02-19T19:42:33","date_gmt":"2025-02-19T16:42:33","guid":{"rendered":"https:\/\/saudi-dates.com\/product\/awali-ojwa-500g\/"},"modified":"2025-02-19T19:42:33","modified_gmt":"2025-02-19T16:42:33","slug":"awali-ojwa-500g","status":"publish","type":"product","link":"https:\/\/saudi-dates.com\/tr\/urun\/awali-ojwa-500g\/","title":{"rendered":"Awali Ojwa 500g"},"content":{"rendered":"","protected":false},"excerpt":{"rendered":"<p>Ajwa, Quba Camii ve Al Awali b\u00f6lgesi yak\u0131nlar\u0131nda bulunan ve tatl\u0131 kuyu suyu, verimli topraklar ve kutsanm\u0131\u015f topraklarla karakterize edilen Al Alia \u00e7iftliklerinden \u00f6zenle se\u00e7ilmi\u015ftir.<\/p>\n","protected":false},"featured_media":47736,"template":"","meta":[],"product_brand":[],"product_cat":[],"product_tag":[2168],"class_list":{"0":"post-52796","1":"product","2":"type-product","3":"status-publish","4":"has-post-thumbnail","6":"product_tag-__-tr","8":"first","9":"instock","10":"shipping-taxable","11":"purchasable","12":"product-type-simple"},"aioseo_notices":[],"_links":{"self":[{"href":"https:\/\/saudi-dates.com\/tr\/wp-json\/wp\/v2\/product\/52796","targetHints":{"allow":["GET"]}}],"collection":[{"href":"https:\/\/saudi-dates.com\/tr\/wp-json\/wp\/v2\/product"}],"about":[{"href":"https:\/\/saudi-dates.com\/tr\/wp-json\/wp\/v2\/types\/product"}],"version-history":[{"count":0,"href":"https:\/\/saudi-dates.com\/tr\/wp-json\/wp\/v2\/product\/52796\/revisions"}],"wp:featuredmedia":[{"embeddable":true,"href":"https:\/\/saudi-dates.com\/tr\/wp-json\/wp\/v2\/media\/47736"}],"wp:attachment":[{"href":"https:\/\/saudi-dates.com\/tr\/wp-json\/wp\/v2\/media?parent=52796"}],"wp:term":[{"taxonomy":"product_brand","embeddable":true,"href":"https:\/\/saudi-dates.com\/tr\/wp-json\/wp\/v2\/product_brand?post=52796"},{"taxonomy":"product_cat","embeddable":true,"href":"https:\/\/saudi-dates.com\/tr\/wp-json\/wp\/v2\/product_cat?post=52796"},{"taxonomy":"product_tag","embeddable":true,"href":"https:\/\/saudi-dates.com\/tr\/wp-json\/wp\/v2\/product_tag?post=52796"}],"curies":[{"name":"wp","href":"https:\/\/api.w.org\/{rel}","templated":true}]}}