{"id":39739,"date":"2025-01-18T18:29:53","date_gmt":"2025-01-18T15:29:53","guid":{"rendered":"https:\/\/saudi-gift.com\/product\/deluxe-cesit-kutusu-2kg\/"},"modified":"2025-03-01T13:18:52","modified_gmt":"2025-03-01T10:18:52","slug":"deluxe-cesit-kutusu-2kg","status":"publish","type":"product","link":"https:\/\/saudi-dates.com\/tr\/urun\/deluxe-cesit-kutusu-2kg\/","title":{"rendered":"Deluxe \u00c7e\u015fit Kutusu (2kg)"},"content":{"rendered":"<p>Deluxe \u00c7e\u015fit Kutusu (2kg)<\/p>\n<p>Medine&#8217;deki Elixir Farms&#8217;tan Medine Hurmas\u0131&#8217;n\u0131n tad\u0131n\u0131 \u00e7\u0131kar\u0131n. Size her hurmada y\u00fcksek kalite ve inan\u0131lmaz sa\u011fl\u0131k faydalar\u0131 ile karakterize edilen en iyi Medine Hurmalar\u0131n\u0131 i\u00e7eren l\u00fcks bir \u00fcr\u00fcn yelpazesi sunuyoruz. G\u00fcnl\u00fck enerjinizi art\u0131rmak i\u00e7in idealdir ve sevdikleriniz i\u00e7in harika bir hediyedir.   <\/p>\n<h4><strong>Kutu bile\u015fenleri<\/strong><\/h4>\n<p>500 g Ajwa + 500 g Sakki + 500 g Safawi + 500 g Majdal<\/p>\n<h3>\u00d6zellikler<\/h3>\n<p><strong>Tamamen do\u011fald\u0131r: <\/strong>T\u00fcm Elixir hurmalar\u0131 kimyasal ve yapay katk\u0131 maddeleri i\u00e7ermez. Elixir&#8217;de, sa\u011fl\u0131\u011f\u0131n\u0131z ve ailenizin sa\u011fl\u0131\u011f\u0131 i\u00e7in g\u00fcvenebilece\u011finiz sa\u011fl\u0131kl\u0131 ve g\u00fcvenli bir \u00fcr\u00fcn\u00fc size garanti ediyoruz.<\/p>\n<p><strong>\u00c7e\u015fit Kutusu:<\/strong> Bu kutuda \u015fehrin birinci s\u0131n\u0131f hurmalar\u0131ndan 4 \u00e7e\u015fit bulunmaktad\u0131r<\/p>\n<h3>Sa\u011fl\u0131k Faydalar\u0131<\/h3>\n<ul>\n<li>Sindirim sa\u011fl\u0131\u011f\u0131n\u0131 destekler: Ba\u011f\u0131rsak hareketlerini iyile\u015ftirmeye yard\u0131mc\u0131 olan lif bak\u0131m\u0131ndan zengindir. <\/li>\n<li>Kalp sa\u011fl\u0131\u011f\u0131n\u0131 destekler: Hurma, kan bas\u0131nc\u0131n\u0131 d\u00fczenlemek ve kalp kas\u0131n\u0131 g\u00fc\u00e7lendirmek i\u00e7in \u00f6nemli olan potasyum ve magnezyum i\u00e7erir.  <\/li>\n<li>Ba\u011f\u0131\u015f\u0131kl\u0131\u011f\u0131 g\u00fc\u00e7lendirir: V\u00fccudu enflamasyon ve kronik hastal\u0131klardan koruyan antioksidanlar a\u00e7\u0131s\u0131ndan zengindir. <\/li>\n<li>Kan \u015fekeri seviyesini d\u00fczenler: Hurmadaki do\u011fal \u015fekerler yava\u015f emilir.  Bu, \u015feker seviyelerinin d\u00fczenlenmesine yard\u0131mc\u0131 olur.<\/li>\n<li>Bir enerji kayna\u011f\u0131d\u0131r: \u0130\u00e7eri\u011findeki y\u00fcksek do\u011fal \u015fekerler sayesinde v\u00fccuda h\u0131zl\u0131 enerji sa\u011flar. <\/li>\n<li>Kemik sa\u011fl\u0131\u011f\u0131n\u0131 iyile\u015ftirir: Kemik sa\u011fl\u0131\u011f\u0131n\u0131 destekleyen ve osteoporoz riskini en aza indiren kalsiyum ve magnezyum gibi mineraller i\u00e7erir. <\/li>\n<\/ul>\n<h3>Neden Elixir Dates&#8217;i Se\u00e7melisiniz?<\/h3>\n<ul>\n<li>Do\u011fadan gelen kalite: Elixir&#8217;de, ger\u00e7ek kalitenin tamamen do\u011fal i\u00e7erikler kullanmaktan geldi\u011fine inan\u0131yoruz. <\/li>\n<li>Sa\u011fl\u0131k a\u00e7\u0131s\u0131ndan zengin faydalar: Organik hurmalar\u0131m\u0131z size bol miktarda besinsel fayda ve rakipsiz lezzet sunar. <\/li>\n<li>Ayr\u0131cal\u0131kl\u0131 ambalaj: L\u00fcks hurma iksiri, Medine&#8217;nin kalbinden e\u015fsiz bir hediye sunmak i\u00e7in \u00f6zenle tasarlanm\u0131\u015f ambalajlarda sunulmaktad\u0131r. <\/li>\n<\/ul>\n<h3>Depolama talimatlar\u0131<\/h3>\n<p>Lezzeti ve kaliteyi korumak i\u00e7in hurmalar\u0131 serin ve kuru bir yerde saklay\u0131n.<\/p>\n<p>Net a\u011f\u0131rl\u0131k: 2 Kilo \u015eimdi Elixir&#8217;den Hurma \u00c7e\u015fitleri Kutusunu sipari\u015f edin ve Elixir&#8217;in rakipsiz hurma kalitesini deneyimleyin! <\/p>\n","protected":false},"excerpt":{"rendered":"<p><strong>L\u00fcks Muhtelif Kutu &#8211; Elixir&#8217;den L\u00fcks Muhtelif Hurmalar: Her hurmada do\u011fal tatlar ve \u015fehrin otantikli\u011fi <\/strong><\/p>\n","protected":false},"featured_media":46498,"template":"","meta":[],"product_brand":[],"product_cat":[1861],"product_tag":[2154],"class_list":{"0":"post-39739","1":"product","2":"type-product","3":"status-publish","4":"has-post-thumbnail","6":"product_cat-medine-tarihleri","7":"product_tag--tr","9":"first","10":"instock","11":"shipping-taxable","12":"purchasable","13":"product-type-simple"},"aioseo_notices":[],"_links":{"self":[{"href":"https:\/\/saudi-dates.com\/tr\/wp-json\/wp\/v2\/product\/39739","targetHints":{"allow":["GET"]}}],"collection":[{"href":"https:\/\/saudi-dates.com\/tr\/wp-json\/wp\/v2\/product"}],"about":[{"href":"https:\/\/saudi-dates.com\/tr\/wp-json\/wp\/v2\/types\/product"}],"version-history":[{"count":0,"href":"https:\/\/saudi-dates.com\/tr\/wp-json\/wp\/v2\/product\/39739\/revisions"}],"wp:featuredmedia":[{"embeddable":true,"href":"https:\/\/saudi-dates.com\/tr\/wp-json\/wp\/v2\/media\/46498"}],"wp:attachment":[{"href":"https:\/\/saudi-dates.com\/tr\/wp-json\/wp\/v2\/media?parent=39739"}],"wp:term":[{"taxonomy":"product_brand","embeddable":true,"href":"https:\/\/saudi-dates.com\/tr\/wp-json\/wp\/v2\/product_brand?post=39739"},{"taxonomy":"product_cat","embeddable":true,"href":"https:\/\/saudi-dates.com\/tr\/wp-json\/wp\/v2\/product_cat?post=39739"},{"taxonomy":"product_tag","embeddable":true,"href":"https:\/\/saudi-dates.com\/tr\/wp-json\/wp\/v2\/product_tag?post=39739"}],"curies":[{"name":"wp","href":"https:\/\/api.w.org\/{rel}","templated":true}]}}