{"id":39724,"date":"2025-01-18T19:10:04","date_gmt":"2025-01-18T16:10:04","guid":{"rendered":"https:\/\/saudi-gift.com\/product\/luks-omlet-buketi-3kg\/"},"modified":"2025-03-01T13:06:15","modified_gmt":"2025-03-01T10:06:15","slug":"luks-omlet-buketi-3kg","status":"publish","type":"product","link":"https:\/\/saudi-dates.com\/tr\/urun\/luks-omlet-buketi-3kg\/","title":{"rendered":"L\u00fcks Omlet Buketi (3kg)"},"content":{"rendered":"<article><\/article>\n<article id=\"more-content\" class=\"full-description details opt-text relative overflow-hidden transition-all duration-300\">L\u00fcks Omlet Buketi (3kg)  <\/article>\n<article class=\"full-description details opt-text relative overflow-hidden transition-all duration-300\">Yumu\u015fak dokusu ve zengin lezzetiyle karakterize edilen Al Ajwa, y\u00fcksek besin de\u011feri ve e\u015fsiz tad\u0131yla bilinir. Hurmalar en iyi kaliteyi sa\u011flamak i\u00e7in \u00f6zenle se\u00e7ilmi\u015ftir ve \u00fcr\u00fcn\u00fcn g\u00fczelli\u011fini vurgulayan ve Medine&#8217;nin kalbinden m\u00fckemmel bir hediye haline getiren zarif bir ambalajda gelir.   <\/article>\n","protected":false},"excerpt":{"rendered":"<p>L\u00fcks Al Ajwa Buketi, y\u00fcksek kalitesi ve sa\u011fl\u0131\u011fa faydalar\u0131 ile tan\u0131nan en kaliteli Al Ajwa Medine Hurmalar\u0131n\u0131 sunar.<\/p>\n","protected":false},"featured_media":46594,"template":"","meta":[],"product_brand":[],"product_cat":[1861],"product_tag":[2188,2130],"class_list":{"0":"post-39724","1":"product","2":"type-product","3":"status-publish","4":"has-post-thumbnail","6":"product_cat-medine-tarihleri","7":"product_tag-_-tr","8":"product_tag--tr","10":"first","11":"instock","12":"sale","13":"shipping-taxable","14":"purchasable","15":"product-type-simple"},"aioseo_notices":[],"_links":{"self":[{"href":"https:\/\/saudi-dates.com\/tr\/wp-json\/wp\/v2\/product\/39724","targetHints":{"allow":["GET"]}}],"collection":[{"href":"https:\/\/saudi-dates.com\/tr\/wp-json\/wp\/v2\/product"}],"about":[{"href":"https:\/\/saudi-dates.com\/tr\/wp-json\/wp\/v2\/types\/product"}],"version-history":[{"count":0,"href":"https:\/\/saudi-dates.com\/tr\/wp-json\/wp\/v2\/product\/39724\/revisions"}],"wp:featuredmedia":[{"embeddable":true,"href":"https:\/\/saudi-dates.com\/tr\/wp-json\/wp\/v2\/media\/46594"}],"wp:attachment":[{"href":"https:\/\/saudi-dates.com\/tr\/wp-json\/wp\/v2\/media?parent=39724"}],"wp:term":[{"taxonomy":"product_brand","embeddable":true,"href":"https:\/\/saudi-dates.com\/tr\/wp-json\/wp\/v2\/product_brand?post=39724"},{"taxonomy":"product_cat","embeddable":true,"href":"https:\/\/saudi-dates.com\/tr\/wp-json\/wp\/v2\/product_cat?post=39724"},{"taxonomy":"product_tag","embeddable":true,"href":"https:\/\/saudi-dates.com\/tr\/wp-json\/wp\/v2\/product_tag?post=39724"}],"curies":[{"name":"wp","href":"https:\/\/api.w.org\/{rel}","templated":true}]}}