{"id":39714,"date":"2025-01-18T19:10:23","date_gmt":"2025-01-18T16:10:23","guid":{"rendered":"https:\/\/saudi-gift.com\/product\/suslu-safawi-buketi-3kg\/"},"modified":"2025-02-27T14:37:42","modified_gmt":"2025-02-27T11:37:42","slug":"suslu-safawi-buketi-3kg","status":"publish","type":"product","link":"https:\/\/saudi-dates.com\/tr\/urun\/suslu-safawi-buketi-3kg\/","title":{"rendered":"S\u00fcsl\u00fc Safawi Buketi (3kg)"},"content":{"rendered":"<article id=\"more-content\" class=\"full-description details opt-text relative overflow-hidden transition-all duration-300\">S\u00fcsl\u00fc Safawi Buketi (3kg)<\/article>\n<article class=\"full-description details opt-text relative overflow-hidden transition-all duration-300\">Zengin aromas\u0131 ve p\u00fcr\u00fczs\u00fcz dokusuyla Safawi Hurmas\u0131 m\u00fckemmel bir se\u00e7imdir. En y\u00fcksek kalite ve lezzeti sa\u011flamak i\u00e7in \u00f6zenle se\u00e7ilen hurmalar, \u00fcr\u00fcn\u00fcn \u00f6zg\u00fcnl\u00fc\u011f\u00fcn\u00fc ve ihti\u015fam\u0131n\u0131 yans\u0131tan zarif ambalaj\u0131yla m\u00fckemmel bir hediye haline geliyor    <\/article>\n","protected":false},"excerpt":{"rendered":"<p>Safawi Hurma Buketi size en iyi Suudi hurmalar\u0131yla l\u00fcks bir deneyim sunuyor<\/p>\n","protected":false},"featured_media":46618,"template":"","meta":[],"product_brand":[],"product_cat":[1861],"product_tag":[2148,2130],"class_list":{"0":"post-39714","1":"product","2":"type-product","3":"status-publish","4":"has-post-thumbnail","6":"product_cat-medine-tarihleri","7":"product_tag-_-tr","8":"product_tag--tr","10":"first","11":"instock","12":"sale","13":"shipping-taxable","14":"purchasable","15":"product-type-simple"},"aioseo_notices":[],"_links":{"self":[{"href":"https:\/\/saudi-dates.com\/tr\/wp-json\/wp\/v2\/product\/39714","targetHints":{"allow":["GET"]}}],"collection":[{"href":"https:\/\/saudi-dates.com\/tr\/wp-json\/wp\/v2\/product"}],"about":[{"href":"https:\/\/saudi-dates.com\/tr\/wp-json\/wp\/v2\/types\/product"}],"version-history":[{"count":0,"href":"https:\/\/saudi-dates.com\/tr\/wp-json\/wp\/v2\/product\/39714\/revisions"}],"wp:featuredmedia":[{"embeddable":true,"href":"https:\/\/saudi-dates.com\/tr\/wp-json\/wp\/v2\/media\/46618"}],"wp:attachment":[{"href":"https:\/\/saudi-dates.com\/tr\/wp-json\/wp\/v2\/media?parent=39714"}],"wp:term":[{"taxonomy":"product_brand","embeddable":true,"href":"https:\/\/saudi-dates.com\/tr\/wp-json\/wp\/v2\/product_brand?post=39714"},{"taxonomy":"product_cat","embeddable":true,"href":"https:\/\/saudi-dates.com\/tr\/wp-json\/wp\/v2\/product_cat?post=39714"},{"taxonomy":"product_tag","embeddable":true,"href":"https:\/\/saudi-dates.com\/tr\/wp-json\/wp\/v2\/product_tag?post=39714"}],"curies":[{"name":"wp","href":"https:\/\/api.w.org\/{rel}","templated":true}]}}