{"id":39684,"date":"2025-01-22T14:11:03","date_gmt":"2025-01-22T11:11:03","guid":{"rendered":"https:\/\/saudi-gift.com\/product\/medina-badem-kakuleli-ojwa-500g-ahsap-paket\/"},"modified":"2025-02-27T16:05:59","modified_gmt":"2025-02-27T13:05:59","slug":"medina-badem-kakuleli-ojwa-500g-ahsap-paket","status":"publish","type":"product","link":"https:\/\/saudi-dates.com\/tr\/urun\/medina-badem-kakuleli-ojwa-500g-ahsap-paket\/","title":{"rendered":"Medina Badem &amp; Kakuleli Ojwa 500g (Ah\u015fap Paket)"},"content":{"rendered":"<p>Medina Badem &amp; Kakuleli Ojwa 500g (Ah\u015fap Paket)<\/p>\n<p>&nbsp;<\/p>\n<p>Saad bin Ebi Vakkas (Allah ondan raz\u0131 olsun) Peygamber (sallallahu aleyhi vesellem)&#8217;den \u015f\u00f6yle buyurdu\u011funu rivayet etmi\u015ftir:<\/p>\n<p>(Sabahlar\u0131 yedi sulu hurma yiyen ki\u015fi o g\u00fcn zehirden ya da b\u00fcy\u00fcden zarar g\u00f6rmez).  <\/p>\n","protected":false},"excerpt":{"rendered":"<p>Temizlenmi\u015f, sterilize edilmi\u015f ve \u0131s\u0131yla \u015fekillendirilmi\u015ftir.<\/p>\n<p>Boncuk boyutu Orta<\/p>\n","protected":false},"featured_media":46871,"template":"","meta":[],"product_brand":[],"product_cat":[1861],"product_tag":[2154,2193,2180],"class_list":{"0":"post-39684","1":"product","2":"type-product","3":"status-publish","4":"has-post-thumbnail","6":"product_cat-medine-tarihleri","7":"product_tag--tr","8":"product_tag-_-tr","11":"first","12":"instock","13":"shipping-taxable","14":"purchasable","15":"product-type-simple"},"aioseo_notices":[],"_links":{"self":[{"href":"https:\/\/saudi-dates.com\/tr\/wp-json\/wp\/v2\/product\/39684","targetHints":{"allow":["GET"]}}],"collection":[{"href":"https:\/\/saudi-dates.com\/tr\/wp-json\/wp\/v2\/product"}],"about":[{"href":"https:\/\/saudi-dates.com\/tr\/wp-json\/wp\/v2\/types\/product"}],"version-history":[{"count":0,"href":"https:\/\/saudi-dates.com\/tr\/wp-json\/wp\/v2\/product\/39684\/revisions"}],"wp:featuredmedia":[{"embeddable":true,"href":"https:\/\/saudi-dates.com\/tr\/wp-json\/wp\/v2\/media\/46871"}],"wp:attachment":[{"href":"https:\/\/saudi-dates.com\/tr\/wp-json\/wp\/v2\/media?parent=39684"}],"wp:term":[{"taxonomy":"product_brand","embeddable":true,"href":"https:\/\/saudi-dates.com\/tr\/wp-json\/wp\/v2\/product_brand?post=39684"},{"taxonomy":"product_cat","embeddable":true,"href":"https:\/\/saudi-dates.com\/tr\/wp-json\/wp\/v2\/product_cat?post=39684"},{"taxonomy":"product_tag","embeddable":true,"href":"https:\/\/saudi-dates.com\/tr\/wp-json\/wp\/v2\/product_tag?post=39684"}],"curies":[{"name":"wp","href":"https:\/\/api.w.org\/{rel}","templated":true}]}}