{"id":39654,"date":"2025-01-22T14:36:43","date_gmt":"2025-01-22T11:36:43","guid":{"rendered":"https:\/\/saudi-gift.com\/product\/medine-orta-bugday-1kg\/"},"modified":"2025-03-01T12:48:01","modified_gmt":"2025-03-01T09:48:01","slug":"medine-orta-bugday-1kg","status":"publish","type":"product","link":"https:\/\/saudi-dates.com\/tr\/urun\/medine-orta-bugday-1kg\/","title":{"rendered":"Medine Orta Bu\u011fday -1kg"},"content":{"rendered":"<p>Medine Orta Bu\u011fday -1kg<\/p>\n<p>&nbsp;<\/p>\n<p>&nbsp;<\/p>\n<p>Saad \u0130bni Ebi Vakkas rad\u0131yallahu anh&#8217;den rivayet edildi\u011fine g\u00f6re<\/p>\n<p>Allah Resul\u00fc sallallahu aleyhi ve sellem \u015f\u00f6yle buyurdu:<\/p>\n<p>(Sabahlar\u0131 yedi sulu hurma yiyen ki\u015fi o g\u00fcn zehirden ya da b\u00fcy\u00fcden zarar g\u00f6rmez).  <\/p>\n","protected":false},"excerpt":{"rendered":"<p>Boncuk boyutu Orta<\/p>\n","protected":false},"featured_media":46931,"template":"","meta":[],"product_brand":[],"product_cat":[1861],"product_tag":[2193,2188],"class_list":{"0":"post-39654","1":"product","2":"type-product","3":"status-publish","4":"has-post-thumbnail","6":"product_cat-medine-tarihleri","7":"product_tag-_-tr","10":"first","11":"instock","12":"shipping-taxable","13":"purchasable","14":"product-type-simple"},"aioseo_notices":[],"_links":{"self":[{"href":"https:\/\/saudi-dates.com\/tr\/wp-json\/wp\/v2\/product\/39654","targetHints":{"allow":["GET"]}}],"collection":[{"href":"https:\/\/saudi-dates.com\/tr\/wp-json\/wp\/v2\/product"}],"about":[{"href":"https:\/\/saudi-dates.com\/tr\/wp-json\/wp\/v2\/types\/product"}],"version-history":[{"count":0,"href":"https:\/\/saudi-dates.com\/tr\/wp-json\/wp\/v2\/product\/39654\/revisions"}],"wp:featuredmedia":[{"embeddable":true,"href":"https:\/\/saudi-dates.com\/tr\/wp-json\/wp\/v2\/media\/46931"}],"wp:attachment":[{"href":"https:\/\/saudi-dates.com\/tr\/wp-json\/wp\/v2\/media?parent=39654"}],"wp:term":[{"taxonomy":"product_brand","embeddable":true,"href":"https:\/\/saudi-dates.com\/tr\/wp-json\/wp\/v2\/product_brand?post=39654"},{"taxonomy":"product_cat","embeddable":true,"href":"https:\/\/saudi-dates.com\/tr\/wp-json\/wp\/v2\/product_cat?post=39654"},{"taxonomy":"product_tag","embeddable":true,"href":"https:\/\/saudi-dates.com\/tr\/wp-json\/wp\/v2\/product_tag?post=39654"}],"curies":[{"name":"wp","href":"https:\/\/api.w.org\/{rel}","templated":true}]}}