{"id":39613,"date":"2025-01-22T14:58:49","date_gmt":"2025-01-22T11:58:49","guid":{"rendered":"https:\/\/saudi-gift.com\/product\/luks-teklif\/"},"modified":"2025-02-27T12:50:44","modified_gmt":"2025-02-27T09:50:44","slug":"luks-teklif","status":"publish","type":"product","link":"https:\/\/saudi-dates.com\/tr\/urun\/luks-teklif\/","title":{"rendered":"L\u00fcks Teklif"},"content":{"rendered":"<p>L\u00fcks teklif \u015funlar\u0131 i\u00e7erir: Bademli ve kakuleli acve 500g Antep f\u0131st\u0131kl\u0131 acve 500g Bademli ve kakuleli k\u0131r\u0131k \u015feker 500g Maamoul Alajwa hurmas\u0131 500g Susam tahini 200g Hurma pekmezi 250g<\/p>\n","protected":false},"excerpt":{"rendered":"<p>L\u00fcks teklif \u015funlar\u0131 i\u00e7erir: Bademli ve kakuleli acve 500g Antep f\u0131st\u0131kl\u0131 acve 500g Bademli ve kakuleli k\u0131r\u0131k \u015feker 500g Maamoul<\/p>\n","protected":false},"featured_media":39521,"template":"","meta":[],"product_brand":[],"product_cat":[1861],"product_tag":[],"class_list":{"0":"post-39613","1":"product","2":"type-product","3":"status-publish","4":"has-post-thumbnail","6":"product_cat-medine-tarihleri","8":"first","9":"instock","10":"sale","11":"shipping-taxable","12":"purchasable","13":"product-type-simple"},"aioseo_notices":[],"_links":{"self":[{"href":"https:\/\/saudi-dates.com\/tr\/wp-json\/wp\/v2\/product\/39613","targetHints":{"allow":["GET"]}}],"collection":[{"href":"https:\/\/saudi-dates.com\/tr\/wp-json\/wp\/v2\/product"}],"about":[{"href":"https:\/\/saudi-dates.com\/tr\/wp-json\/wp\/v2\/types\/product"}],"version-history":[{"count":0,"href":"https:\/\/saudi-dates.com\/tr\/wp-json\/wp\/v2\/product\/39613\/revisions"}],"wp:featuredmedia":[{"embeddable":true,"href":"https:\/\/saudi-dates.com\/tr\/wp-json\/wp\/v2\/media\/39521"}],"wp:attachment":[{"href":"https:\/\/saudi-dates.com\/tr\/wp-json\/wp\/v2\/media?parent=39613"}],"wp:term":[{"taxonomy":"product_brand","embeddable":true,"href":"https:\/\/saudi-dates.com\/tr\/wp-json\/wp\/v2\/product_brand?post=39613"},{"taxonomy":"product_cat","embeddable":true,"href":"https:\/\/saudi-dates.com\/tr\/wp-json\/wp\/v2\/product_cat?post=39613"},{"taxonomy":"product_tag","embeddable":true,"href":"https:\/\/saudi-dates.com\/tr\/wp-json\/wp\/v2\/product_tag?post=39613"}],"curies":[{"name":"wp","href":"https:\/\/api.w.org\/{rel}","templated":true}]}}