{"id":39608,"date":"2025-01-22T15:00:07","date_gmt":"2025-01-22T12:00:07","guid":{"rendered":"https:\/\/saudi-gift.com\/product\/suslu-baharatli-seker-1kg\/"},"modified":"2025-02-27T12:53:41","modified_gmt":"2025-02-27T09:53:41","slug":"suslu-baharatli-seker-1kg","status":"publish","type":"product","link":"https:\/\/saudi-dates.com\/tr\/urun\/suslu-baharatli-seker-1kg\/","title":{"rendered":"S\u00fcsl\u00fc Baharatl\u0131 \u015eeker &#8211; 1kg"},"content":{"rendered":"<p>S\u00fcsl\u00fc Baharatl\u0131 \u015eeker &#8211; 1kg<\/p>\n","protected":false},"excerpt":{"rendered":"<p>S\u00fcsl\u00fc Baharatl\u0131 \u015eeker &#8211; 1kg<\/p>\n","protected":false},"featured_media":46967,"template":"","meta":[],"product_brand":[],"product_cat":[1861],"product_tag":[],"class_list":{"0":"post-39608","1":"product","2":"type-product","3":"status-publish","4":"has-post-thumbnail","6":"product_cat-medine-tarihleri","8":"first","9":"instock","10":"shipping-taxable","11":"purchasable","12":"product-type-simple"},"aioseo_notices":[],"_links":{"self":[{"href":"https:\/\/saudi-dates.com\/tr\/wp-json\/wp\/v2\/product\/39608","targetHints":{"allow":["GET"]}}],"collection":[{"href":"https:\/\/saudi-dates.com\/tr\/wp-json\/wp\/v2\/product"}],"about":[{"href":"https:\/\/saudi-dates.com\/tr\/wp-json\/wp\/v2\/types\/product"}],"version-history":[{"count":0,"href":"https:\/\/saudi-dates.com\/tr\/wp-json\/wp\/v2\/product\/39608\/revisions"}],"wp:featuredmedia":[{"embeddable":true,"href":"https:\/\/saudi-dates.com\/tr\/wp-json\/wp\/v2\/media\/46967"}],"wp:attachment":[{"href":"https:\/\/saudi-dates.com\/tr\/wp-json\/wp\/v2\/media?parent=39608"}],"wp:term":[{"taxonomy":"product_brand","embeddable":true,"href":"https:\/\/saudi-dates.com\/tr\/wp-json\/wp\/v2\/product_brand?post=39608"},{"taxonomy":"product_cat","embeddable":true,"href":"https:\/\/saudi-dates.com\/tr\/wp-json\/wp\/v2\/product_cat?post=39608"},{"taxonomy":"product_tag","embeddable":true,"href":"https:\/\/saudi-dates.com\/tr\/wp-json\/wp\/v2\/product_tag?post=39608"}],"curies":[{"name":"wp","href":"https:\/\/api.w.org\/{rel}","templated":true}]}}