{"id":39189,"date":"2024-12-25T16:23:36","date_gmt":"2024-12-25T13:23:36","guid":{"rendered":"https:\/\/saudi-gift.com\/product\/medine-gulleri-ile-doldurulmus-ojwa\/"},"modified":"2025-03-01T14:21:21","modified_gmt":"2025-03-01T11:21:21","slug":"medine-gulleri-ile-doldurulmus-ojwa","status":"publish","type":"product","link":"https:\/\/saudi-dates.com\/tr\/urun\/medine-gulleri-ile-doldurulmus-ojwa\/","title":{"rendered":"Medine G\u00fclleri ile Doldurulmu\u015f Ojwa"},"content":{"rendered":"<p>Medine G\u00fclleri ile Doldurulmu\u015f Ojwa<\/p>\n<p>&nbsp;<\/p>\n","protected":false},"excerpt":{"rendered":"<p>Aromal\u0131 hurma dolmas\u0131 \u00e7e\u015fitlerimizle benzersiz ve farkl\u0131 bir deneyimin tad\u0131n\u0131 \u00e7\u0131kar\u0131n ve her \u00f6\u011f\u00fcnde besleyici faydalar\u0131ndan yararlan\u0131n <\/p>\n","protected":false},"featured_media":46036,"template":"","meta":[],"product_brand":[2179],"product_cat":[1861],"product_tag":[2154,2240,2213],"class_list":{"0":"post-39189","1":"product","2":"type-product","3":"status-publish","4":"has-post-thumbnail","6":"product_brand-medine-tarihleri","7":"product_cat-medine-tarihleri","8":"product_tag--tr","10":"product_tag-_-tr","12":"first","13":"instock","14":"sold-individually","15":"shipping-taxable","16":"purchasable","17":"product-type-simple"},"aioseo_notices":[],"_links":{"self":[{"href":"https:\/\/saudi-dates.com\/tr\/wp-json\/wp\/v2\/product\/39189","targetHints":{"allow":["GET"]}}],"collection":[{"href":"https:\/\/saudi-dates.com\/tr\/wp-json\/wp\/v2\/product"}],"about":[{"href":"https:\/\/saudi-dates.com\/tr\/wp-json\/wp\/v2\/types\/product"}],"version-history":[{"count":0,"href":"https:\/\/saudi-dates.com\/tr\/wp-json\/wp\/v2\/product\/39189\/revisions"}],"wp:featuredmedia":[{"embeddable":true,"href":"https:\/\/saudi-dates.com\/tr\/wp-json\/wp\/v2\/media\/46036"}],"wp:attachment":[{"href":"https:\/\/saudi-dates.com\/tr\/wp-json\/wp\/v2\/media?parent=39189"}],"wp:term":[{"taxonomy":"product_brand","embeddable":true,"href":"https:\/\/saudi-dates.com\/tr\/wp-json\/wp\/v2\/product_brand?post=39189"},{"taxonomy":"product_cat","embeddable":true,"href":"https:\/\/saudi-dates.com\/tr\/wp-json\/wp\/v2\/product_cat?post=39189"},{"taxonomy":"product_tag","embeddable":true,"href":"https:\/\/saudi-dates.com\/tr\/wp-json\/wp\/v2\/product_tag?post=39189"}],"curies":[{"name":"wp","href":"https:\/\/api.w.org\/{rel}","templated":true}]}}