{"id":39162,"date":"2024-12-25T14:49:41","date_gmt":"2024-12-25T11:49:41","guid":{"rendered":"https:\/\/saudi-gift.com\/product\/premium-cesit-hurmalar\/"},"modified":"2024-12-25T14:49:41","modified_gmt":"2024-12-25T11:49:41","slug":"premium-cesit-hurmalar","status":"publish","type":"product","link":"https:\/\/saudi-dates.com\/tr\/urun\/premium-cesit-hurmalar\/","title":{"rendered":"Premium \u00c7e\u015fit Hurmalar"},"content":{"rendered":"<p>Premium \u00c7e\u015fit Hurmalar<\/p>\n<p class=\"ql-align-right\">Sterilize ettik, temizledik ve size servis ettik<\/p>\n<p>Saad bin Ebi Vakkas (Allah ondan raz\u0131 olsun) Peygamber (sallallahu aleyhi vesellem)&#8217;den \u015f\u00f6yle buyurdu\u011funu rivayet etmi\u015ftir:<\/p>\n<p class=\"ql-align-right\">(Sabahlar\u0131 yedi sulu hurma yiyen ki\u015fi o g\u00fcn zehirden ya da b\u00fcy\u00fcden zarar g\u00f6rmez).  <\/p>\n<p>&nbsp;<\/p>\n<p class=\"ql-align-right\">100g ba\u015f\u0131na kalori=282 Kcal<\/p>\n","protected":false},"excerpt":{"rendered":"<p class=\"ql-align-right\">Medina \u00c7iftliklerinden<\/p>\n<p class=\"ql-align-right\">Siyah rengi, yumu\u015fak eti, e\u015fsiz tad\u0131 ve l\u00fcks \u00e7ekirdekleri ile ay\u0131rt edilirler<\/p>\n","protected":false},"featured_media":46018,"template":"","meta":[],"product_brand":[],"product_cat":[15],"product_tag":[],"class_list":{"0":"post-39162","1":"product","2":"type-product","3":"status-publish","4":"has-post-thumbnail","6":"product_cat-15","8":"first","9":"instock","10":"sale","11":"sold-individually","12":"shipping-taxable","13":"purchasable","14":"product-type-variable"},"aioseo_notices":[],"_links":{"self":[{"href":"https:\/\/saudi-dates.com\/tr\/wp-json\/wp\/v2\/product\/39162","targetHints":{"allow":["GET"]}}],"collection":[{"href":"https:\/\/saudi-dates.com\/tr\/wp-json\/wp\/v2\/product"}],"about":[{"href":"https:\/\/saudi-dates.com\/tr\/wp-json\/wp\/v2\/types\/product"}],"version-history":[{"count":0,"href":"https:\/\/saudi-dates.com\/tr\/wp-json\/wp\/v2\/product\/39162\/revisions"}],"wp:featuredmedia":[{"embeddable":true,"href":"https:\/\/saudi-dates.com\/tr\/wp-json\/wp\/v2\/media\/46018"}],"wp:attachment":[{"href":"https:\/\/saudi-dates.com\/tr\/wp-json\/wp\/v2\/media?parent=39162"}],"wp:term":[{"taxonomy":"product_brand","embeddable":true,"href":"https:\/\/saudi-dates.com\/tr\/wp-json\/wp\/v2\/product_brand?post=39162"},{"taxonomy":"product_cat","embeddable":true,"href":"https:\/\/saudi-dates.com\/tr\/wp-json\/wp\/v2\/product_cat?post=39162"},{"taxonomy":"product_tag","embeddable":true,"href":"https:\/\/saudi-dates.com\/tr\/wp-json\/wp\/v2\/product_tag?post=39162"}],"curies":[{"name":"wp","href":"https:\/\/api.w.org\/{rel}","templated":true}]}}