{"id":38944,"date":"2024-12-25T18:59:43","date_gmt":"2024-12-25T15:59:43","guid":{"rendered":"https:\/\/saudi-gift.com\/product\/bademli-sarma-bademli-sacaqi\/"},"modified":"2024-12-25T18:59:43","modified_gmt":"2024-12-25T15:59:43","slug":"bademli-sarma-bademli-sacaqi","status":"publish","type":"product","link":"https:\/\/saudi-dates.com\/tr\/urun\/bademli-sarma-bademli-sacaqi\/","title":{"rendered":"Bademli Sarma Bademli Sacaqi"},"content":{"rendered":"<p><strong>Badem ile sar\u0131lm\u0131\u015f hurma<\/strong><\/p>\n<p>Yumu\u015fak bir dokuya sahiptir ve her bir par\u00e7aya l\u00fcks ve lezzet katan bir badem \u00e7ekirde\u011fi ile kaplanm\u0131\u015ft\u0131r.<\/p>\n<p><strong>E\u015fsiz ve besleyici lezzet:<\/strong><\/p>\n<ul>\n<li class=\"ql-indent-1\">Hurman\u0131n do\u011fal tad\u0131, taze ve kavrulmu\u015f bademin lezzetiyle harmanlanarak onlara kendine \u00f6zg\u00fc bir karakter ve zengin, lezzetli bir tat verir. <\/li>\n<\/ul>\n<p><strong>Yumu\u015fak ve lezzetli doku:<\/strong><\/p>\n<ul>\n<li class=\"ql-indent-1\">Par\u00e7alar a\u011f\u0131zda eriyen yumu\u015fak bir dokuya sahiptir ve her tad\u0131ml\u0131k dokunu\u015fu lezzetli ve zevkli bir deneyim haline getirir. <\/li>\n<\/ul>\n<p><strong>Taze bademle doldurulmu\u015f:<\/strong><\/p>\n<ul>\n<li class=\"ql-indent-1\">Saqiq Hurmas\u0131&#8217;n\u0131n her bir par\u00e7as\u0131 taze ve lezzetli badem taneleriyle doludur ve l\u00fcks ve g\u00fczel bir dokunu\u015f katar. <\/li>\n<\/ul>\n<p><strong>T\u00fcm zamanlar i\u00e7in uygundur:<\/strong><\/p>\n<ul>\n<li class=\"ql-indent-1\">\u00d6zel g\u00fcnler i\u00e7in veya tatl\u0131 iste\u011finizi tatmin etmek i\u00e7in at\u0131\u015ft\u0131rmal\u0131k olarak m\u00fckemmeldir.<\/li>\n<\/ul>\n<p><strong>Bademle a\u015f\u0131lanm\u0131\u015f ve bademle kaplanm\u0131\u015f Saqa&#8217;i hurmalar\u0131yla e\u015fsiz ve a\u011f\u0131z suland\u0131ran bir deneyimin tad\u0131n\u0131 \u00e7\u0131kar\u0131n ve a\u011f\u0131z suland\u0131ran lezzetlerinin duyular\u0131n\u0131z\u0131 b\u00fcy\u00fclemesine ve size unutulmaz zevk ve keyif anlar\u0131 ya\u015fatmas\u0131na izin verin! <\/strong><\/p>\n","protected":false},"excerpt":{"rendered":"<p>Hurman\u0131n zengin ve do\u011fal tad\u0131n\u0131n taze kavrulmu\u015f bademin lezzetiyle birle\u015fti\u011fi Badem A\u015f\u0131l\u0131 Saqa&#8217;i Hurmas\u0131 ve Badem \u00c7ekirde\u011fi Kaplamas\u0131 ile lezzetli ve l\u00fcks bir deneyimin tad\u0131n\u0131 \u00e7\u0131kar\u0131n. <\/p>\n","protected":false},"featured_media":46072,"template":"","meta":[],"product_brand":[],"product_cat":[1861,15],"product_tag":[2130],"class_list":{"0":"post-38944","1":"product","2":"type-product","3":"status-publish","4":"has-post-thumbnail","6":"product_cat-medine-tarihleri","7":"product_cat-15","8":"product_tag--tr","10":"first","11":"instock","12":"sale","13":"sold-individually","14":"shipping-taxable","15":"purchasable","16":"product-type-variable"},"aioseo_notices":[],"_links":{"self":[{"href":"https:\/\/saudi-dates.com\/tr\/wp-json\/wp\/v2\/product\/38944","targetHints":{"allow":["GET"]}}],"collection":[{"href":"https:\/\/saudi-dates.com\/tr\/wp-json\/wp\/v2\/product"}],"about":[{"href":"https:\/\/saudi-dates.com\/tr\/wp-json\/wp\/v2\/types\/product"}],"version-history":[{"count":0,"href":"https:\/\/saudi-dates.com\/tr\/wp-json\/wp\/v2\/product\/38944\/revisions"}],"wp:featuredmedia":[{"embeddable":true,"href":"https:\/\/saudi-dates.com\/tr\/wp-json\/wp\/v2\/media\/46072"}],"wp:attachment":[{"href":"https:\/\/saudi-dates.com\/tr\/wp-json\/wp\/v2\/media?parent=38944"}],"wp:term":[{"taxonomy":"product_brand","embeddable":true,"href":"https:\/\/saudi-dates.com\/tr\/wp-json\/wp\/v2\/product_brand?post=38944"},{"taxonomy":"product_cat","embeddable":true,"href":"https:\/\/saudi-dates.com\/tr\/wp-json\/wp\/v2\/product_cat?post=38944"},{"taxonomy":"product_tag","embeddable":true,"href":"https:\/\/saudi-dates.com\/tr\/wp-json\/wp\/v2\/product_tag?post=38944"}],"curies":[{"name":"wp","href":"https:\/\/api.w.org\/{rel}","templated":true}]}}