{"id":38783,"date":"2024-12-25T19:12:13","date_gmt":"2024-12-25T16:12:13","guid":{"rendered":"https:\/\/saudi-gift.com\/product\/kakuleli-ve-bademli-sarma-omlet\/"},"modified":"2024-12-25T19:12:13","modified_gmt":"2024-12-25T16:12:13","slug":"kakuleli-ve-bademli-sarma-omlet","status":"publish","type":"product","link":"https:\/\/saudi-dates.com\/tr\/urun\/kakuleli-ve-bademli-sarma-omlet\/","title":{"rendered":"Kakuleli ve Bademli Sarma Omlet"},"content":{"rendered":"<p><strong>Kakule ve Badem Sar\u0131l\u0131 Omlet<\/strong><\/p>\n<p>Yumu\u015fak dokusu ve kaplanm\u0131\u015f badem \u00e7ekirde\u011fi her bir par\u00e7aya l\u00fcks ve lezzet katar.<\/p>\n<p><strong>E\u015fsiz ve \u00e7e\u015fitli lezzet:<\/strong><\/p>\n<ul>\n<li class=\"ql-indent-1\">Do\u011fal ajwa tad\u0131 aromatik kakule ve taze badem ile a\u015f\u0131lanarak kendine \u00f6zg\u00fc bir karakter ve lezzet kazand\u0131r\u0131lm\u0131\u015ft\u0131r. <\/li>\n<\/ul>\n<p><strong>Yumu\u015fak ve ho\u015f bir doku:<\/strong><\/p>\n<ul>\n<li class=\"ql-indent-1\">Agua&#8217;n\u0131n yumu\u015fak, a\u011f\u0131zda eriyen dokusu, her tat tomurcu\u011fu deneyimini lezzetli ve zevkli bir hale getirir. <\/li>\n<\/ul>\n<p><strong>Taze bademle doldurulmu\u015f:<\/strong><\/p>\n<ul>\n<li class=\"ql-indent-1\">Her bir agua par\u00e7as\u0131, l\u00fcks ve g\u00fczellik katan taze ve lezzetli bademlerle doludur. <\/li>\n<\/ul>\n<p><strong>T\u00fcm zamanlar i\u00e7in uygundur:<\/strong><\/p>\n<ul>\n<li class=\"ql-indent-1\">\u00d6zel g\u00fcnlerde servis etmek veya tatl\u0131 iste\u011finizi tatmin etmek i\u00e7in at\u0131\u015ft\u0131rmal\u0131k olarak m\u00fckemmeldir.<\/li>\n<\/ul>\n<p><strong>Sevgiyle kaplanm\u0131\u015f kakule ve bademlerle e\u015fsiz ve a\u011f\u0131z suland\u0131ran bir deneyimin tad\u0131n\u0131 \u00e7\u0131kar\u0131n ve lezzetli aromalar\u0131n\u0131n duyular\u0131n\u0131z\u0131 b\u00fcy\u00fclemesine ve size unutulmaz zevk ve keyif anlar\u0131 ya\u015fatmas\u0131na izin verin! <\/strong><\/p>\n","protected":false},"excerpt":{"rendered":"<p>Omletin enfes tad\u0131n\u0131 kakule ve taze bademin aromatik lezzetiyle birle\u015ftiren Kakuleli Bademli Sarma Omlet ile l\u00fcks\u00fcn ve lezzetin tad\u0131n\u0131 \u00e7\u0131kar\u0131n. <\/p>\n","protected":false},"featured_media":46078,"template":"","meta":[],"product_brand":[],"product_cat":[1861,15],"product_tag":[2130],"class_list":{"0":"post-38783","1":"product","2":"type-product","3":"status-publish","4":"has-post-thumbnail","6":"product_cat-medine-tarihleri","7":"product_cat-15","8":"product_tag--tr","10":"first","11":"instock","12":"sold-individually","13":"shipping-taxable","14":"purchasable","15":"product-type-variable"},"aioseo_notices":[],"_links":{"self":[{"href":"https:\/\/saudi-dates.com\/tr\/wp-json\/wp\/v2\/product\/38783","targetHints":{"allow":["GET"]}}],"collection":[{"href":"https:\/\/saudi-dates.com\/tr\/wp-json\/wp\/v2\/product"}],"about":[{"href":"https:\/\/saudi-dates.com\/tr\/wp-json\/wp\/v2\/types\/product"}],"version-history":[{"count":0,"href":"https:\/\/saudi-dates.com\/tr\/wp-json\/wp\/v2\/product\/38783\/revisions"}],"wp:featuredmedia":[{"embeddable":true,"href":"https:\/\/saudi-dates.com\/tr\/wp-json\/wp\/v2\/media\/46078"}],"wp:attachment":[{"href":"https:\/\/saudi-dates.com\/tr\/wp-json\/wp\/v2\/media?parent=38783"}],"wp:term":[{"taxonomy":"product_brand","embeddable":true,"href":"https:\/\/saudi-dates.com\/tr\/wp-json\/wp\/v2\/product_brand?post=38783"},{"taxonomy":"product_cat","embeddable":true,"href":"https:\/\/saudi-dates.com\/tr\/wp-json\/wp\/v2\/product_cat?post=38783"},{"taxonomy":"product_tag","embeddable":true,"href":"https:\/\/saudi-dates.com\/tr\/wp-json\/wp\/v2\/product_tag?post=38783"}],"curies":[{"name":"wp","href":"https:\/\/api.w.org\/{rel}","templated":true}]}}